{"id":876,"date":"2022-04-18T21:56:55","date_gmt":"2022-04-18T19:56:55","guid":{"rendered":"https:\/\/varabjertorpgk.stromberggolf.se\/?page_id=876"},"modified":"2026-03-14T10:06:11","modified_gmt":"2026-03-14T09:06:11","slug":"boka-golfbil","status":"publish","type":"page","link":"https:\/\/vara-bjertorpgk.se\/?page_id=876","title":{"rendered":"Boka golfbil"},"content":{"rendered":"\t\t<div data-elementor-type=\"wp-page\" data-elementor-id=\"876\" class=\"elementor elementor-876\">\n\t\t\t\t\t\t<section class=\"elementor-section elementor-top-section elementor-element elementor-element-7e6e2ce elementor-section-height-min-height elementor-section-boxed elementor-section-height-default elementor-section-items-middle\" data-id=\"7e6e2ce\" data-element_type=\"section\" data-settings=\"{&quot;background_background&quot;:&quot;classic&quot;}\">\n\t\t\t\t\t\t\t<div class=\"elementor-background-overlay\"><\/div>\n\t\t\t\t\t\t\t<div class=\"elementor-container elementor-column-gap-default\">\n\t\t\t\t\t<div class=\"elementor-column elementor-col-100 elementor-top-column elementor-element elementor-element-c32e17a\" data-id=\"c32e17a\" data-element_type=\"column\">\n\t\t\t<div class=\"elementor-widget-wrap elementor-element-populated\">\n\t\t\t\t\t\t<div class=\"elementor-element elementor-element-0c05af4 elementor-position-top elementor-widget elementor-widget-image-box\" data-id=\"0c05af4\" data-element_type=\"widget\" data-widget_type=\"image-box.default\">\n\t\t\t\t<div class=\"elementor-widget-container\">\n\t\t\t<style>\/*! elementor - v3.21.0 - 30-04-2024 *\/\n.elementor-widget-image-box .elementor-image-box-content{width:100%}@media (min-width:768px){.elementor-widget-image-box.elementor-position-left .elementor-image-box-wrapper,.elementor-widget-image-box.elementor-position-right .elementor-image-box-wrapper{display:flex}.elementor-widget-image-box.elementor-position-right .elementor-image-box-wrapper{text-align:end;flex-direction:row-reverse}.elementor-widget-image-box.elementor-position-left .elementor-image-box-wrapper{text-align:start;flex-direction:row}.elementor-widget-image-box.elementor-position-top .elementor-image-box-img{margin:auto}.elementor-widget-image-box.elementor-vertical-align-top .elementor-image-box-wrapper{align-items:flex-start}.elementor-widget-image-box.elementor-vertical-align-middle .elementor-image-box-wrapper{align-items:center}.elementor-widget-image-box.elementor-vertical-align-bottom .elementor-image-box-wrapper{align-items:flex-end}}@media (max-width:767px){.elementor-widget-image-box .elementor-image-box-img{margin-left:auto!important;margin-right:auto!important;margin-bottom:15px}}.elementor-widget-image-box .elementor-image-box-img{display:inline-block}.elementor-widget-image-box .elementor-image-box-title a{color:inherit}.elementor-widget-image-box .elementor-image-box-wrapper{text-align:center}.elementor-widget-image-box .elementor-image-box-description{margin:0}<\/style><div class=\"elementor-image-box-wrapper\"><figure class=\"elementor-image-box-img\"><a href=\"https:\/\/vara-bjertorpgk.se\/\" tabindex=\"-1\"><img fetchpriority=\"high\" decoding=\"async\" width=\"2000\" height=\"1894\" src=\"https:\/\/vara-bjertorpgk.se\/wp-content\/uploads\/2026\/02\/VBGK_logotyp_white_noring.png\" class=\"attachment-full size-full wp-image-9164\" alt=\"\" srcset=\"https:\/\/vara-bjertorpgk.se\/wp-content\/uploads\/2026\/02\/VBGK_logotyp_white_noring.png 2000w, https:\/\/vara-bjertorpgk.se\/wp-content\/uploads\/2026\/02\/VBGK_logotyp_white_noring-300x284.png 300w, https:\/\/vara-bjertorpgk.se\/wp-content\/uploads\/2026\/02\/VBGK_logotyp_white_noring-1024x970.png 1024w, https:\/\/vara-bjertorpgk.se\/wp-content\/uploads\/2026\/02\/VBGK_logotyp_white_noring-768x727.png 768w, https:\/\/vara-bjertorpgk.se\/wp-content\/uploads\/2026\/02\/VBGK_logotyp_white_noring-1536x1455.png 1536w\" sizes=\"(max-width: 2000px) 100vw, 2000px\" \/><\/a><\/figure><div class=\"elementor-image-box-content\"><h1 class=\"elementor-image-box-title\"><a href=\"https:\/\/vara-bjertorpgk.se\/\">Golfbil<\/a><\/h1><\/div><\/div>\t\t<\/div>\n\t\t\t\t<\/div>\n\t\t\t\t\t<\/div>\n\t\t<\/div>\n\t\t\t\t\t<\/div>\n\t\t<\/section>\n\t\t\t\t<section class=\"elementor-section elementor-top-section elementor-element elementor-element-7ebb6a3 elementor-section-boxed elementor-section-height-default elementor-section-height-default\" data-id=\"7ebb6a3\" data-element_type=\"section\">\n\t\t\t\t\t\t<div class=\"elementor-container elementor-column-gap-default\">\n\t\t\t\t\t<div class=\"elementor-column elementor-col-50 elementor-top-column elementor-element elementor-element-f78bbfd\" data-id=\"f78bbfd\" data-element_type=\"column\">\n\t\t\t<div class=\"elementor-widget-wrap elementor-element-populated\">\n\t\t\t\t\t\t<div class=\"elementor-element elementor-element-39f7baf elementor-widget elementor-widget-image\" data-id=\"39f7baf\" data-element_type=\"widget\" data-widget_type=\"image.default\">\n\t\t\t\t<div class=\"elementor-widget-container\">\n\t\t\t<style>\/*! elementor - v3.21.0 - 30-04-2024 *\/\n.elementor-widget-image{text-align:center}.elementor-widget-image a{display:inline-block}.elementor-widget-image a img[src$=\".svg\"]{width:48px}.elementor-widget-image img{vertical-align:middle;display:inline-block}<\/style>\t\t\t\t\t\t\t\t\t\t<img decoding=\"async\" width=\"776\" height=\"517\" src=\"https:\/\/vara-bjertorpgk.se\/wp-content\/uploads\/2023\/08\/Golfbil.jpg\" class=\"attachment-large size-large wp-image-6011\" alt=\"\" srcset=\"https:\/\/vara-bjertorpgk.se\/wp-content\/uploads\/2023\/08\/Golfbil.jpg 776w, https:\/\/vara-bjertorpgk.se\/wp-content\/uploads\/2023\/08\/Golfbil-300x200.jpg 300w, https:\/\/vara-bjertorpgk.se\/wp-content\/uploads\/2023\/08\/Golfbil-768x512.jpg 768w\" sizes=\"(max-width: 776px) 100vw, 776px\" \/>\t\t\t\t\t\t\t\t\t\t\t\t\t<\/div>\n\t\t\t\t<\/div>\n\t\t\t\t\t<\/div>\n\t\t<\/div>\n\t\t\t\t<div class=\"elementor-column elementor-col-50 elementor-top-column elementor-element elementor-element-e7dfc44\" data-id=\"e7dfc44\" data-element_type=\"column\">\n\t\t\t<div class=\"elementor-widget-wrap elementor-element-populated\">\n\t\t\t\t\t\t<div class=\"elementor-element elementor-element-c93988c elementor-widget elementor-widget-image\" data-id=\"c93988c\" data-element_type=\"widget\" data-widget_type=\"image.default\">\n\t\t\t\t<div class=\"elementor-widget-container\">\n\t\t\t\t\t\t\t\t\t\t\t\t\t<img decoding=\"async\" width=\"1024\" height=\"768\" src=\"https:\/\/vara-bjertorpgk.se\/wp-content\/uploads\/2022\/04\/Nya-golfbilar-1024x768.jpg\" class=\"attachment-large size-large wp-image-554\" alt=\"\" srcset=\"https:\/\/vara-bjertorpgk.se\/wp-content\/uploads\/2022\/04\/Nya-golfbilar-1024x768.jpg 1024w, https:\/\/vara-bjertorpgk.se\/wp-content\/uploads\/2022\/04\/Nya-golfbilar-300x225.jpg 300w, https:\/\/vara-bjertorpgk.se\/wp-content\/uploads\/2022\/04\/Nya-golfbilar-768x576.jpg 768w, https:\/\/vara-bjertorpgk.se\/wp-content\/uploads\/2022\/04\/Nya-golfbilar-1536x1152.jpg 1536w, https:\/\/vara-bjertorpgk.se\/wp-content\/uploads\/2022\/04\/Nya-golfbilar-2048x1536.jpg 2048w\" sizes=\"(max-width: 1024px) 100vw, 1024px\" \/>\t\t\t\t\t\t\t\t\t\t\t\t\t<\/div>\n\t\t\t\t<\/div>\n\t\t\t\t\t<\/div>\n\t\t<\/div>\n\t\t\t\t\t<\/div>\n\t\t<\/section>\n\t\t\t\t<section class=\"elementor-section elementor-top-section elementor-element elementor-element-cf39df9 elementor-section-boxed elementor-section-height-default elementor-section-height-default\" data-id=\"cf39df9\" data-element_type=\"section\">\n\t\t\t\t\t\t<div class=\"elementor-container elementor-column-gap-default\">\n\t\t\t\t\t<div class=\"elementor-column elementor-col-100 elementor-top-column elementor-element elementor-element-d45edc9\" data-id=\"d45edc9\" data-element_type=\"column\">\n\t\t\t<div class=\"elementor-widget-wrap elementor-element-populated\">\n\t\t\t\t\t\t<div class=\"elementor-element elementor-element-241b1ca elementor-widget elementor-widget-text-editor\" data-id=\"241b1ca\" data-element_type=\"widget\" data-widget_type=\"text-editor.default\">\n\t\t\t\t<div class=\"elementor-widget-container\">\n\t\t\t<style>\/*! elementor - v3.21.0 - 30-04-2024 *\/\n.elementor-widget-text-editor.elementor-drop-cap-view-stacked .elementor-drop-cap{background-color:#69727d;color:#fff}.elementor-widget-text-editor.elementor-drop-cap-view-framed .elementor-drop-cap{color:#69727d;border:3px solid;background-color:transparent}.elementor-widget-text-editor:not(.elementor-drop-cap-view-default) .elementor-drop-cap{margin-top:8px}.elementor-widget-text-editor:not(.elementor-drop-cap-view-default) .elementor-drop-cap-letter{width:1em;height:1em}.elementor-widget-text-editor .elementor-drop-cap{float:left;text-align:center;line-height:1;font-size:50px}.elementor-widget-text-editor .elementor-drop-cap-letter{display:inline-block}<\/style>\t\t\t\t<p><b>Hyr golfbil p\u00e5 Vara-Bjertorp GK<\/b><\/p><p><b>Vi har 10 st golfbilar f\u00f6r uthyrning till medlemmar och g\u00e4ster.<\/b><\/p><p><b>Golfbil<br \/><\/b>18 h\u00e5l 500 kr<br \/>Med l\u00e4karintyg 300 kr<b><\/b><\/p><p><span style=\"font-weight: bold;\">Golfbil Medlem<br \/><\/span>18 h\u00e5l 400 kr<br \/>Med l\u00e4karintyg 200 kr<\/p><p>Du f\u00e5r endast hyra golfbil vid t\u00e4vling om du kan uppvisa ett intyg p\u00e5 att du f\u00e5r \u00e5ka golfbil. <br \/>T\u00e4nk p\u00e5 att ett l\u00e4karintyg inte r\u00e4cker utan du ska ha ett\u00a0<i>Tillst\u00e5nd att anv\u00e4nda transportmedel i samband med golfspel.\u00a0<\/i>Det f\u00e5r du utskrivet av din hemmaklubb n\u00e4r du uppvisar ditt l\u00e4karintyg.<\/p><p>Du kan boka din golfbil direkt vi Mingolf alternativt ringa eller maila oss p\u00e5 0512-20261,\u00a0<a href=\"mailto:info@vara-bjertorpgk.se\">info@vara-bjertorpgk.se<\/a>\u00a0s\u00e5 hj\u00e4lper vi dig med din bokning!<\/p>\t\t\t\t\t\t<\/div>\n\t\t\t\t<\/div>\n\t\t\t\t\t<\/div>\n\t\t<\/div>\n\t\t\t\t\t<\/div>\n\t\t<\/section>\n\t\t\t\t<\/div>\n\t\t","protected":false},"excerpt":{"rendered":"<p>Golfbil Hyr golfbil p\u00e5 Vara-Bjertorp GK Vi har 10 st golfbilar f\u00f6r uthyrning till medlemmar och g\u00e4ster. Golfbil18 h\u00e5l 500 krMed l\u00e4karintyg 300 kr Golfbil Medlem18 h\u00e5l 400 krMed l\u00e4karintyg 200 kr Du f\u00e5r endast hyra golfbil vid t\u00e4vling om du kan uppvisa ett intyg p\u00e5 att du f\u00e5r \u00e5ka golfbil. T\u00e4nk p\u00e5 att ett &hellip;<\/p>\n<p class=\"read-more\"> <a class=\"\" href=\"https:\/\/vara-bjertorpgk.se\/?page_id=876\"> <span class=\"screen-reader-text\">Boka golfbil<\/span> L\u00e4s mer &raquo;<\/a><\/p>\n","protected":false},"author":1,"featured_media":0,"parent":0,"menu_order":0,"comment_status":"closed","ping_status":"closed","template":"","meta":{"site-sidebar-layout":"no-sidebar","site-content-layout":"page-builder","ast-main-header-display":"","ast-hfb-above-header-display":"","ast-hfb-below-header-display":"","ast-hfb-mobile-header-display":"","site-post-title":"disabled","ast-breadcrumbs-content":"","ast-featured-img":"disabled","footer-sml-layout":"","theme-transparent-header-meta":"","adv-header-id-meta":"","stick-header-meta":"","header-above-stick-meta":"","header-main-stick-meta":"","header-below-stick-meta":"","footnotes":""},"class_list":["post-876","page","type-page","status-publish","hentry"],"_links":{"self":[{"href":"https:\/\/vara-bjertorpgk.se\/index.php?rest_route=\/wp\/v2\/pages\/876","targetHints":{"allow":["GET"]}}],"collection":[{"href":"https:\/\/vara-bjertorpgk.se\/index.php?rest_route=\/wp\/v2\/pages"}],"about":[{"href":"https:\/\/vara-bjertorpgk.se\/index.php?rest_route=\/wp\/v2\/types\/page"}],"author":[{"embeddable":true,"href":"https:\/\/vara-bjertorpgk.se\/index.php?rest_route=\/wp\/v2\/users\/1"}],"replies":[{"embeddable":true,"href":"https:\/\/vara-bjertorpgk.se\/index.php?rest_route=%2Fwp%2Fv2%2Fcomments&post=876"}],"version-history":[{"count":44,"href":"https:\/\/vara-bjertorpgk.se\/index.php?rest_route=\/wp\/v2\/pages\/876\/revisions"}],"predecessor-version":[{"id":9338,"href":"https:\/\/vara-bjertorpgk.se\/index.php?rest_route=\/wp\/v2\/pages\/876\/revisions\/9338"}],"wp:attachment":[{"href":"https:\/\/vara-bjertorpgk.se\/index.php?rest_route=%2Fwp%2Fv2%2Fmedia&parent=876"}],"curies":[{"name":"wp","href":"https:\/\/api.w.org\/{rel}","templated":true}]}}