{"id":2440,"date":"2022-08-27T16:17:07","date_gmt":"2022-08-27T14:17:07","guid":{"rendered":"https:\/\/vara-bjertorpgk.se\/?page_id=2440"},"modified":"2022-09-18T22:16:51","modified_gmt":"2022-09-18T20:16:51","slug":"projekt","status":"publish","type":"page","link":"https:\/\/vara-bjertorpgk.se\/?page_id=2440","title":{"rendered":"Projekt"},"content":{"rendered":"\t\t<div data-elementor-type=\"wp-page\" data-elementor-id=\"2440\" class=\"elementor elementor-2440\">\n\t\t\t\t\t\t<section class=\"elementor-section elementor-top-section elementor-element elementor-element-64208bf4 elementor-section-boxed elementor-section-height-default elementor-section-height-default\" data-id=\"64208bf4\" data-element_type=\"section\" data-settings=\"{&quot;background_background&quot;:&quot;classic&quot;}\">\n\t\t\t\t\t\t\t<div class=\"elementor-background-overlay\"><\/div>\n\t\t\t\t\t\t\t<div class=\"elementor-container elementor-column-gap-default\">\n\t\t\t\t\t<div class=\"elementor-column elementor-col-100 elementor-top-column elementor-element elementor-element-18279d59\" data-id=\"18279d59\" data-element_type=\"column\">\n\t\t\t<div class=\"elementor-widget-wrap\">\n\t\t\t\t\t\t\t<\/div>\n\t\t<\/div>\n\t\t\t\t\t<\/div>\n\t\t<\/section>\n\t\t\t\t<section class=\"elementor-section elementor-top-section elementor-element elementor-element-5e9abe4b elementor-section-boxed elementor-section-height-default elementor-section-height-default\" data-id=\"5e9abe4b\" data-element_type=\"section\">\n\t\t\t\t\t\t<div class=\"elementor-container elementor-column-gap-default\">\n\t\t\t\t\t<div class=\"elementor-column elementor-col-100 elementor-top-column elementor-element elementor-element-c196752\" data-id=\"c196752\" data-element_type=\"column\">\n\t\t\t<div class=\"elementor-widget-wrap elementor-element-populated\">\n\t\t\t\t\t\t<div class=\"elementor-element elementor-element-bd2e1f1 elementor-widget elementor-widget-text-editor\" data-id=\"bd2e1f1\" data-element_type=\"widget\" data-widget_type=\"text-editor.default\">\n\t\t\t\t<div class=\"elementor-widget-container\">\n\t\t\t<style>\/*! elementor - v3.21.0 - 30-04-2024 *\/\n.elementor-widget-text-editor.elementor-drop-cap-view-stacked .elementor-drop-cap{background-color:#69727d;color:#fff}.elementor-widget-text-editor.elementor-drop-cap-view-framed .elementor-drop-cap{color:#69727d;border:3px solid;background-color:transparent}.elementor-widget-text-editor:not(.elementor-drop-cap-view-default) .elementor-drop-cap{margin-top:8px}.elementor-widget-text-editor:not(.elementor-drop-cap-view-default) .elementor-drop-cap-letter{width:1em;height:1em}.elementor-widget-text-editor .elementor-drop-cap{float:left;text-align:center;line-height:1;font-size:50px}.elementor-widget-text-editor .elementor-drop-cap-letter{display:inline-block}<\/style>\t\t\t\t<p><\/p>\n<p>H\u00e4r presenteras de tv\u00e5 nya projekt som styrelsen jobbar med f\u00f6r tillf\u00e4llet. Dessa har arbetsnamnen <em>Projekt<\/em> <em>2022<\/em> och <em>Golf 4 You<\/em>. Detta \u00e4r tv\u00e5 stora projekt som str\u00e4cker sig \u00f6ver en l\u00e4ngre tid fram\u00f6ver. Vi kommer att h\u00e5lla dig uppdaterad allt eftersom det h\u00e4nder nya saker under respektive projekt. Du f\u00f6ljer utvecklingen p\u00e5 separata sidor som heter <i>Uppdatering Projekt 2022<\/i> och <i>Uppdatering Golf 4 You<\/i>. D\u00e4r vi uppdaterar och informerar hur arbetet g\u00e5r i de olika projekten. Du hittar dessa tv\u00e5 sidor om du g\u00e5r in via Klubben,&nbsp; Styrelsen sedan Projekt, d\u00e4r har du dessa tv\u00e5 sidor.<\/p>\n<p><\/p>\t\t\t\t\t\t<\/div>\n\t\t\t\t<\/div>\n\t\t\t\t\t<\/div>\n\t\t<\/div>\n\t\t\t\t\t<\/div>\n\t\t<\/section>\n\t\t\t\t<section class=\"elementor-section elementor-top-section elementor-element elementor-element-b7c4a6c elementor-section-boxed elementor-section-height-default elementor-section-height-default\" data-id=\"b7c4a6c\" data-element_type=\"section\">\n\t\t\t\t\t\t<div class=\"elementor-container elementor-column-gap-default\">\n\t\t\t\t\t<div class=\"elementor-column elementor-col-50 elementor-top-column elementor-element elementor-element-50ba1cd\" data-id=\"50ba1cd\" data-element_type=\"column\">\n\t\t\t<div class=\"elementor-widget-wrap elementor-element-populated\">\n\t\t\t\t\t\t<div class=\"elementor-element elementor-element-4f59b19 elementor-widget elementor-widget-text-editor\" data-id=\"4f59b19\" data-element_type=\"widget\" data-widget_type=\"text-editor.default\">\n\t\t\t\t<div class=\"elementor-widget-container\">\n\t\t\t\t\t\t\t<p><strong>Projekt 2022<\/strong><br \/>Till detta projekt s\u00f6ktes det ett bidrag hos Vara kommun p\u00e5 2 miljoner kronor. V\u00e5r ans\u00f6kan gick igenom vilket vi \u00e4r v\u00e4ldigt glada \u00f6ver och vi fick 1 miljon av Vara kommun, den andra miljonen f\u00e5r klubben skjuta till.<\/p><p>I detta projekt ligger Bevattning, Dr\u00e4nering, Stens\u00e4ttning, (Meningen \u00e4r att vi ska forts\u00e4tta stens\u00e4ttningen som \u00e4r p\u00e5 h\u00e5l 18 hela v\u00e4gen f\u00f6rbi h\u00e5l 9 och l\u00e4ngst med h\u00e5l 10. Fler h\u00e5l kan komma att bli aktuella ocks\u00e5) \u00c4ven nyplantering av tr\u00e4d finns med i detta projekt.<\/p><p>Projektet har inletts och prio 1 \u00e4r v\u00e5r bevattning. Nytt bevattningssystem \u00e4r best\u00e4llt och nya pumpar. Arbetet kommer att startas upp under h\u00f6sten om allt g\u00e5r som det ska.<\/p><p>Som prio 2 ligger stens\u00e4ttningen, d\u00e5 det finns en risk att dammkanterna kommer att ge vika. Sen kommer det \u00e4ven bli v\u00e4ldigt snyggt.<\/p>\t\t\t\t\t\t<\/div>\n\t\t\t\t<\/div>\n\t\t\t\t\t<\/div>\n\t\t<\/div>\n\t\t\t\t<div class=\"elementor-column elementor-col-50 elementor-top-column elementor-element elementor-element-633f610\" data-id=\"633f610\" data-element_type=\"column\">\n\t\t\t<div class=\"elementor-widget-wrap elementor-element-populated\">\n\t\t\t\t\t\t<div class=\"elementor-element elementor-element-7f80cfa elementor-widget elementor-widget-image\" data-id=\"7f80cfa\" data-element_type=\"widget\" data-widget_type=\"image.default\">\n\t\t\t\t<div class=\"elementor-widget-container\">\n\t\t\t<style>\/*! elementor - v3.21.0 - 30-04-2024 *\/\n.elementor-widget-image{text-align:center}.elementor-widget-image a{display:inline-block}.elementor-widget-image a img[src$=\".svg\"]{width:48px}.elementor-widget-image img{vertical-align:middle;display:inline-block}<\/style>\t\t\t\t\t\t\t\t\t\t<img fetchpriority=\"high\" decoding=\"async\" width=\"300\" height=\"277\" src=\"https:\/\/vara-bjertorpgk.se\/wp-content\/uploads\/2022\/08\/Kommunlogotyp-farg-1-300x277.jpg\" class=\"attachment-medium size-medium wp-image-2457\" alt=\"\" srcset=\"https:\/\/vara-bjertorpgk.se\/wp-content\/uploads\/2022\/08\/Kommunlogotyp-farg-1-300x277.jpg 300w, https:\/\/vara-bjertorpgk.se\/wp-content\/uploads\/2022\/08\/Kommunlogotyp-farg-1.jpg 478w\" sizes=\"(max-width: 300px) 100vw, 300px\" \/>\t\t\t\t\t\t\t\t\t\t\t\t\t<\/div>\n\t\t\t\t<\/div>\n\t\t\t\t\t<\/div>\n\t\t<\/div>\n\t\t\t\t\t<\/div>\n\t\t<\/section>\n\t\t\t\t<section class=\"elementor-section elementor-top-section elementor-element elementor-element-961b93e elementor-section-boxed elementor-section-height-default elementor-section-height-default\" data-id=\"961b93e\" data-element_type=\"section\">\n\t\t\t\t\t\t<div class=\"elementor-container elementor-column-gap-default\">\n\t\t\t\t\t<div class=\"elementor-column elementor-col-50 elementor-top-column elementor-element elementor-element-d58d2ee\" data-id=\"d58d2ee\" data-element_type=\"column\">\n\t\t\t<div class=\"elementor-widget-wrap elementor-element-populated\">\n\t\t\t\t\t\t<div class=\"elementor-element elementor-element-de70778 elementor-widget elementor-widget-text-editor\" data-id=\"de70778\" data-element_type=\"widget\" data-widget_type=\"text-editor.default\">\n\t\t\t\t<div class=\"elementor-widget-container\">\n\t\t\t\t\t\t\t<p><strong>G<\/strong><b>olf 4 You<br \/><\/b><span style=\"font-style: inherit; font-weight: inherit; background-color: var(--ast-global-color-5); color: var(--ast-global-color-3);\">Det andra projektet heter <\/span><span style=\"font-style: inherit; background-color: var(--ast-global-color-5); color: var(--ast-global-color-3);\"><em>Golf 4 You<\/em><\/span><span style=\"font-style: inherit; background-color: var(--ast-global-color-5); color: var(--ast-global-color-3);\">.<\/span><span style=\"font-style: inherit; font-weight: inherit; background-color: var(--ast-global-color-5); color: var(--ast-global-color-3);\"> H\u00e4r \u00e4r arbetet i full g\u00e5ng med att s\u00f6ka bidrag till att finansiera dessa projekt. S\u00e5 inget av projekteten \u00e4r uppstartade.<\/span><\/p><p>I Projektet <i>Golf 4 You<\/i> tittar vi p\u00e5 6 delar:<br \/>Ny Range med belysning<br \/>Ny Svingstudio<br \/>Totalanpassning Klubbhus<br \/>Tillg\u00e4nglighetsanpassning parkering<br \/>Ny st\u00e4llplats f\u00f6r husvagnar och husbilar<br \/>Nytt Tillg\u00e4nglighetsanpassat omkl\u00e4dningsrum<\/p><p>P\u00e5 bilden kan du se en \u00f6versiktsbild.<\/p><p>Ny Range med Belysning, den h\u00e4nger ihop med en ny Svingstudio. Vi vill kunna erbjuda framf\u00f6r allt v\u00e5ra medlemmar men \u00e4ven g\u00e4ster en st\u00f6rre m\u00f6jlighet att tr\u00e4na och \u00e4ven kunna g\u00f6ra det \u00e5ret om. Att f\u00e5 fler utslagsmattor under tak under s\u00e4song g\u00f6r oss inte s\u00e5 v\u00e4derberoende och belysningen g\u00f6r att vi kan nyttja rangen tidigare p\u00e5 v\u00e5ren och l\u00e4ngre p\u00e5 h\u00f6sten n\u00e4r m\u00f6rkret faller. En Svingstudio skulle inneb\u00e4ra att vi kan bedriva tr\u00e4ningsverksamhet \u00e5ret om. Kan vi \u00e4ven utrusta den med tex. en Trackman s\u00e5 kan vi utveckla tr\u00e4ningen ytterligare.<\/p><p>Totalanpassning Klubbhus, h\u00e4r tittar vi p\u00e5 att g\u00f6ra om v\u00e5r uteplats och g\u00f6ra den st\u00f6rre och mer l\u00e4tt tillg\u00e4nglig f\u00f6r alla.<br \/>Vi vill \u00e4ven l\u00e4gga ny marksten p\u00e5 v\u00e5ra g\u00e5ngar. Vi ser \u00e4ven \u00f6ver m\u00f6jligheten till en ny parkering f\u00f6r v\u00e5ra golfbilar. Det finns \u00e4ven med en parkering f\u00f6r v\u00e5ra golfvagnar n\u00e4r vi tex. g\u00e5r in i klubbhuset.<\/p><p>Tillg\u00e4nglighetsanpassning parkering, i och med utvecklingen p\u00e5 elbilar ser vi \u00f6ver m\u00f6jligheten att kunna s\u00e4tta upp laddstolpar s\u00e5 vi h\u00e4nger med i den utvecklingen och \u00e4r med i milj\u00f6arbetet. Vi beh\u00f6ver \u00e4ven fler parkeringsplatser d\u00e5 det vid fler och fler tillf\u00e4llen \u00e4r s\u00e5 att parkeringen inte r\u00e4cker till. Som du ser p\u00e5 \u00f6versiktsbilden kommer de planerade platserna att ligga d\u00e4r vi idag har v\u00e5r st\u00e4llplats f\u00f6r husvagnar\/husbilar.<\/p><p>Ny st\u00e4llplats f\u00f6r husvagnar och husbilar. D\u00e5 vi idag inte har s\u00e5 m\u00e5nga platser (och dom ligger kanske inte p\u00e5 den trevligaste platsen) och efterfr\u00e5gan bara \u00f6kar har vi sett \u00f6ver hur vi skulle kunna f\u00e5 till en st\u00e4llplats p\u00e5 v\u00e5r mark. F\u00f6rslaget som ligger \u00e4r att vi tar h\u00e5l 2 p\u00e5 korth\u00e5lsbanan och l\u00e4gger den d\u00e4r. Korth\u00e5lsbanan kommer att g\u00f6ras om med ganska enkla medel. Ett n\u00e4t kommer att s\u00e4ttas upp ut efter rangen och en vall kommer att byggas.<br \/>Vi ser en stor f\u00f6rdel med att fler kommer och nyttjar st\u00e4llplatser, b\u00e5de f\u00f6r greenfee, men det medf\u00f6r \u00e4ven merf\u00f6rs\u00e4ljning f\u00f6r restaurang, shop och rangen.<\/p><p>Tillg\u00e4nglighetsanpassat omkl\u00e4dningsrum. D\u00e5 v\u00e5rt klubbhus inte \u00e4r det mest l\u00e4tt tillg\u00e4ngliga f\u00f6r personer med funktionsneds\u00e4ttning och v\u00e5ra g\u00e4ster som st\u00e5r p\u00e5 v\u00e5r nuvarande st\u00e4llplats inte kommer \u00e5t toaletter mm n\u00e4r klubbhuset \u00e4r st\u00e4ngt. Finns nu en id\u00e9 i samband med en ny st\u00e4llplats att vi bygger ett servicehus som rymmer handikapstoaletter, omkl\u00e4dningsrum, diskm\u00f6jligheter osv. Detta ska d\u00e5 ligga bakom green p\u00e5 h\u00e5l 18 som du kan se p\u00e5 \u00f6versiktsbilden.<\/p><p><span style=\"font-style: inherit; font-weight: inherit; background-color: var(--ast-global-color-5); color: var(--ast-global-color-3);\">Vi hoppas att du som medlem ser detta som en positiv utveckling och att dessa projekt st\u00e4rker v\u00e5r klubb.<\/span><\/p><p>\u00a0<\/p>\t\t\t\t\t\t<\/div>\n\t\t\t\t<\/div>\n\t\t\t\t\t<\/div>\n\t\t<\/div>\n\t\t\t\t<div class=\"elementor-column elementor-col-50 elementor-top-column elementor-element elementor-element-8b6d399\" data-id=\"8b6d399\" data-element_type=\"column\">\n\t\t\t<div class=\"elementor-widget-wrap elementor-element-populated\">\n\t\t\t\t\t\t<div class=\"elementor-element elementor-element-0371a8e elementor-widget elementor-widget-image\" data-id=\"0371a8e\" data-element_type=\"widget\" data-widget_type=\"image.default\">\n\t\t\t\t<div class=\"elementor-widget-container\">\n\t\t\t\t\t\t\t\t\t\t\t\t\t<img decoding=\"async\" width=\"960\" height=\"720\" src=\"https:\/\/vara-bjertorpgk.se\/wp-content\/uploads\/2022\/08\/Golf-4-You-startbild.jpg\" class=\"attachment-large size-large wp-image-2500\" alt=\"\" srcset=\"https:\/\/vara-bjertorpgk.se\/wp-content\/uploads\/2022\/08\/Golf-4-You-startbild.jpg 960w, https:\/\/vara-bjertorpgk.se\/wp-content\/uploads\/2022\/08\/Golf-4-You-startbild-300x225.jpg 300w, https:\/\/vara-bjertorpgk.se\/wp-content\/uploads\/2022\/08\/Golf-4-You-startbild-768x576.jpg 768w\" sizes=\"(max-width: 960px) 100vw, 960px\" \/>\t\t\t\t\t\t\t\t\t\t\t\t\t<\/div>\n\t\t\t\t<\/div>\n\t\t\t\t<div class=\"elementor-element elementor-element-9922b55 elementor-widget elementor-widget-image\" data-id=\"9922b55\" data-element_type=\"widget\" data-widget_type=\"image.default\">\n\t\t\t\t<div class=\"elementor-widget-container\">\n\t\t\t\t\t\t\t\t\t\t\t\t\t<img decoding=\"async\" width=\"1024\" height=\"667\" src=\"https:\/\/vara-bjertorpgk.se\/wp-content\/uploads\/2022\/08\/Oversiktsbild-1024x667.jpg\" class=\"attachment-large size-large wp-image-2523\" alt=\"\" srcset=\"https:\/\/vara-bjertorpgk.se\/wp-content\/uploads\/2022\/08\/Oversiktsbild-1024x667.jpg 1024w, https:\/\/vara-bjertorpgk.se\/wp-content\/uploads\/2022\/08\/Oversiktsbild-300x195.jpg 300w, https:\/\/vara-bjertorpgk.se\/wp-content\/uploads\/2022\/08\/Oversiktsbild-768x500.jpg 768w, https:\/\/vara-bjertorpgk.se\/wp-content\/uploads\/2022\/08\/Oversiktsbild.jpg 1126w\" sizes=\"(max-width: 1024px) 100vw, 1024px\" \/>\t\t\t\t\t\t\t\t\t\t\t\t\t<\/div>\n\t\t\t\t<\/div>\n\t\t\t\t\t<\/div>\n\t\t<\/div>\n\t\t\t\t\t<\/div>\n\t\t<\/section>\n\t\t\t\t<\/div>\n\t\t","protected":false},"excerpt":{"rendered":"<p>H\u00e4r presenteras de tv\u00e5 nya projekt som styrelsen jobbar med f\u00f6r tillf\u00e4llet. Dessa har arbetsnamnen Projekt 2022 och Golf 4 You. Detta \u00e4r tv\u00e5 stora projekt som str\u00e4cker sig \u00f6ver en l\u00e4ngre tid fram\u00f6ver. Vi kommer att h\u00e5lla dig uppdaterad allt eftersom det h\u00e4nder nya saker under respektive projekt. Du f\u00f6ljer utvecklingen p\u00e5 separata sidor &hellip;<\/p>\n<p class=\"read-more\"> <a class=\"\" href=\"https:\/\/vara-bjertorpgk.se\/?page_id=2440\"> <span class=\"screen-reader-text\">Projekt<\/span> L\u00e4s mer &raquo;<\/a><\/p>\n","protected":false},"author":1,"featured_media":0,"parent":0,"menu_order":0,"comment_status":"closed","ping_status":"closed","template":"","meta":{"site-sidebar-layout":"no-sidebar","site-content-layout":"page-builder","ast-main-header-display":"","ast-hfb-above-header-display":"","ast-hfb-below-header-display":"","ast-hfb-mobile-header-display":"","site-post-title":"disabled","ast-breadcrumbs-content":"","ast-featured-img":"disabled","footer-sml-layout":"","theme-transparent-header-meta":"","adv-header-id-meta":"","stick-header-meta":"","header-above-stick-meta":"","header-main-stick-meta":"","header-below-stick-meta":"","footnotes":""},"class_list":["post-2440","page","type-page","status-publish","hentry"],"_links":{"self":[{"href":"https:\/\/vara-bjertorpgk.se\/index.php?rest_route=\/wp\/v2\/pages\/2440","targetHints":{"allow":["GET"]}}],"collection":[{"href":"https:\/\/vara-bjertorpgk.se\/index.php?rest_route=\/wp\/v2\/pages"}],"about":[{"href":"https:\/\/vara-bjertorpgk.se\/index.php?rest_route=\/wp\/v2\/types\/page"}],"author":[{"embeddable":true,"href":"https:\/\/vara-bjertorpgk.se\/index.php?rest_route=\/wp\/v2\/users\/1"}],"replies":[{"embeddable":true,"href":"https:\/\/vara-bjertorpgk.se\/index.php?rest_route=%2Fwp%2Fv2%2Fcomments&post=2440"}],"version-history":[{"count":136,"href":"https:\/\/vara-bjertorpgk.se\/index.php?rest_route=\/wp\/v2\/pages\/2440\/revisions"}],"predecessor-version":[{"id":2974,"href":"https:\/\/vara-bjertorpgk.se\/index.php?rest_route=\/wp\/v2\/pages\/2440\/revisions\/2974"}],"wp:attachment":[{"href":"https:\/\/vara-bjertorpgk.se\/index.php?rest_route=%2Fwp%2Fv2%2Fmedia&parent=2440"}],"curies":[{"name":"wp","href":"https:\/\/api.w.org\/{rel}","templated":true}]}}