{"id":2300,"date":"2022-08-19T22:07:05","date_gmt":"2022-08-19T20:07:05","guid":{"rendered":"https:\/\/vara-bjertorpgk.se\/?page_id=2300"},"modified":"2026-04-20T12:23:52","modified_gmt":"2026-04-20T10:23:52","slug":"match-cupen","status":"publish","type":"page","link":"https:\/\/vara-bjertorpgk.se\/?page_id=2300","title":{"rendered":"Match Cupen"},"content":{"rendered":"\t\t<div data-elementor-type=\"wp-page\" data-elementor-id=\"2300\" class=\"elementor elementor-2300\">\n\t\t\t\t\t\t<section class=\"elementor-section elementor-top-section elementor-element elementor-element-4540279 elementor-section-height-min-height elementor-section-boxed elementor-section-height-default elementor-section-items-middle\" data-id=\"4540279\" data-element_type=\"section\" data-settings=\"{&quot;background_background&quot;:&quot;classic&quot;}\">\n\t\t\t\t\t\t\t<div class=\"elementor-background-overlay\"><\/div>\n\t\t\t\t\t\t\t<div class=\"elementor-container elementor-column-gap-default\">\n\t\t\t\t\t<div class=\"elementor-column elementor-col-100 elementor-top-column elementor-element elementor-element-69b42b1\" data-id=\"69b42b1\" data-element_type=\"column\">\n\t\t\t<div class=\"elementor-widget-wrap elementor-element-populated\">\n\t\t\t\t\t\t<div class=\"elementor-element elementor-element-d90fa9b elementor-position-top elementor-widget elementor-widget-image-box\" data-id=\"d90fa9b\" data-element_type=\"widget\" data-widget_type=\"image-box.default\">\n\t\t\t\t<div class=\"elementor-widget-container\">\n\t\t\t<style>\/*! elementor - v3.21.0 - 30-04-2024 *\/\n.elementor-widget-image-box .elementor-image-box-content{width:100%}@media (min-width:768px){.elementor-widget-image-box.elementor-position-left .elementor-image-box-wrapper,.elementor-widget-image-box.elementor-position-right .elementor-image-box-wrapper{display:flex}.elementor-widget-image-box.elementor-position-right .elementor-image-box-wrapper{text-align:end;flex-direction:row-reverse}.elementor-widget-image-box.elementor-position-left .elementor-image-box-wrapper{text-align:start;flex-direction:row}.elementor-widget-image-box.elementor-position-top .elementor-image-box-img{margin:auto}.elementor-widget-image-box.elementor-vertical-align-top .elementor-image-box-wrapper{align-items:flex-start}.elementor-widget-image-box.elementor-vertical-align-middle .elementor-image-box-wrapper{align-items:center}.elementor-widget-image-box.elementor-vertical-align-bottom .elementor-image-box-wrapper{align-items:flex-end}}@media (max-width:767px){.elementor-widget-image-box .elementor-image-box-img{margin-left:auto!important;margin-right:auto!important;margin-bottom:15px}}.elementor-widget-image-box .elementor-image-box-img{display:inline-block}.elementor-widget-image-box .elementor-image-box-title a{color:inherit}.elementor-widget-image-box .elementor-image-box-wrapper{text-align:center}.elementor-widget-image-box .elementor-image-box-description{margin:0}<\/style><div class=\"elementor-image-box-wrapper\"><figure class=\"elementor-image-box-img\"><a href=\"https:\/\/vara-bjertorpgk.se\/\" tabindex=\"-1\"><img fetchpriority=\"high\" decoding=\"async\" width=\"2000\" height=\"1894\" src=\"https:\/\/vara-bjertorpgk.se\/wp-content\/uploads\/2026\/02\/VBGK_logotyp_white_noring.png\" class=\"attachment-full size-full wp-image-9164\" alt=\"\" srcset=\"https:\/\/vara-bjertorpgk.se\/wp-content\/uploads\/2026\/02\/VBGK_logotyp_white_noring.png 2000w, https:\/\/vara-bjertorpgk.se\/wp-content\/uploads\/2026\/02\/VBGK_logotyp_white_noring-300x284.png 300w, https:\/\/vara-bjertorpgk.se\/wp-content\/uploads\/2026\/02\/VBGK_logotyp_white_noring-1024x970.png 1024w, https:\/\/vara-bjertorpgk.se\/wp-content\/uploads\/2026\/02\/VBGK_logotyp_white_noring-768x727.png 768w, https:\/\/vara-bjertorpgk.se\/wp-content\/uploads\/2026\/02\/VBGK_logotyp_white_noring-1536x1455.png 1536w\" sizes=\"(max-width: 2000px) 100vw, 2000px\" \/><\/a><\/figure><div class=\"elementor-image-box-content\"><h1 class=\"elementor-image-box-title\"><a href=\"https:\/\/vara-bjertorpgk.se\/\">Match cupen<\/a><\/h1><\/div><\/div>\t\t<\/div>\n\t\t\t\t<\/div>\n\t\t\t\t\t<\/div>\n\t\t<\/div>\n\t\t\t\t\t<\/div>\n\t\t<\/section>\n\t\t\t\t<section class=\"elementor-section elementor-top-section elementor-element elementor-element-1838e8d5 elementor-section-boxed elementor-section-height-default elementor-section-height-default\" data-id=\"1838e8d5\" data-element_type=\"section\">\n\t\t\t\t\t\t<div class=\"elementor-container elementor-column-gap-default\">\n\t\t\t\t\t<div class=\"elementor-column elementor-col-100 elementor-top-column elementor-element elementor-element-2e088797\" data-id=\"2e088797\" data-element_type=\"column\">\n\t\t\t<div class=\"elementor-widget-wrap elementor-element-populated\">\n\t\t\t\t\t\t<div class=\"elementor-element elementor-element-9d4cce1 elementor-widget elementor-widget-text-editor\" data-id=\"9d4cce1\" data-element_type=\"widget\" data-widget_type=\"text-editor.default\">\n\t\t\t\t<div class=\"elementor-widget-container\">\n\t\t\t<style>\/*! elementor - v3.21.0 - 30-04-2024 *\/\n.elementor-widget-text-editor.elementor-drop-cap-view-stacked .elementor-drop-cap{background-color:#69727d;color:#fff}.elementor-widget-text-editor.elementor-drop-cap-view-framed .elementor-drop-cap{color:#69727d;border:3px solid;background-color:transparent}.elementor-widget-text-editor:not(.elementor-drop-cap-view-default) .elementor-drop-cap{margin-top:8px}.elementor-widget-text-editor:not(.elementor-drop-cap-view-default) .elementor-drop-cap-letter{width:1em;height:1em}.elementor-widget-text-editor .elementor-drop-cap{float:left;text-align:center;line-height:1;font-size:50px}.elementor-widget-text-editor .elementor-drop-cap-letter{display:inline-block}<\/style>\t\t\t\t<p>MatchCupen<b> 2026<\/b><br>S\u00e5 h\u00e4r spelas v\u00e5r Match cup. Du ing\u00e5r i ett 2-manna lag med en Vinnarstege och en Looserstege. Det inneb\u00e4r att alla lag blir garanterade att f\u00e5 spela minst tv\u00e5 matcher. F\u00f6rlorar du allts\u00e5 f\u00f6rsta matchen inneb\u00e4r det att du blir \u00f6verflyttad till Looserstegen.<br>Match Cupen best\u00e5r av max 32 lag och varje lag betalar 300 kr.<\/p>\n<p>N\u00e4r Matchcupen \u00e4r lottad f\u00e5r alla deltagare ett mejl med kontaktuppgifter och info om Match Cupen. D\u00e4refter s\u00e4tts lottningen upp p\u00e5 anslagstavlan i hallen.<\/p>\n<p><span style=\"font-style: inherit; font-weight: inherit; background-color: var(--ast-global-color-5); color: var(--ast-global-color-3);\">Vinnande lag vinner tillsammans ett presentkort fr\u00e5n shopen v\u00e4rde 4 600 kr. 2an erh\u00e5ller tillsammans ett presentkort&nbsp;<\/span><span style=\"font-style: inherit; font-weight: inherit; background-color: var(--ast-global-color-5); color: var(--ast-global-color-3);\">fr\u00e5n shopen <br>v\u00e4rde 2 500 kr.<\/span><\/p>\n<p>MatchCupen spelas s\u00e5 h\u00e4r:<br>Matchen spelas mellan tv\u00e5 par d\u00e4r den b\u00e4sta bollen p\u00e5 varje h\u00e5l, det vill s\u00e4ga den sida som har den l\u00e4gsta nettoscoren vinner h\u00e5let.<br><span style=\"font-style: inherit; font-weight: inherit;\">N\u00e4r man spelar fyrboll med handicap ska man spela med <\/span><span style=\"font-style: inherit;\"><b>20 % handicapreducering.<\/b><\/span><span style=\"font-style: inherit; font-weight: inherit;\"> OBS! Notera att reduceringen g\u00f6rs p\u00e5 ditt handicap, d\u00e4refter r\u00e4knar man ut erh\u00e5llna slag.<\/span><\/p>\n<p>I fyrboll matchspel med handicap f\u00e5r spelaren med l\u00e4gst spelhandicap 0 i spelhandicap. \u00d6vriga tre spelare f\u00e5r spelhandicap motsvarande skillnaden till den spelare som har l\u00e4gst spelhandicap.&nbsp;<\/p>\n<p>Exempel:<br>Lag 1<br>Kalle har 5 slag efter hcp-reducering.<br>Johan ha 10 slag efter hcp-reducering<\/p>\n<p>Lag 2<br>Hasse har 15 slag efter hcp-reducering<br>Bengt har 20 slag efter hcp-reducering<\/p>\n<p>Kalle f\u00e5r d\u00e5 0 slag och Johan har 5 slag p\u00e5 de sv\u00e5raste h\u00e5len. Hasse har 10 slag p\u00e5 de sv\u00e5raste h\u00e5len och Bengt har 15.<\/p>\n<p>OBS! H\u00f6gsta spelhandicap \u00e4r 36, har du h\u00f6gre handicap r\u00e4knas det fr\u00e5n 36 \u00e4nd\u00e5.<\/p>\n<p style=\"font-size: 16px; font-style: normal; font-weight: 400;\">\u00d6versta laget i varje match tar kontakt med motst\u00e5ndarna.&nbsp;<\/p>\n<p style=\"font-size: 16px; font-style: normal; font-weight: 400;\">Varje spelomg\u00e5ng har ett sista speldatum som matcherna ska vara spelade. \u00c4r det matcher som inte \u00e4r spelade vid det datumet, lottas matchen.<\/p>\n<p style=\"font-size: 16px; font-style: normal; font-weight: 400;\">Spelomg\u00e5ngarna \u00e4r:<br>Omg 1, spelas tom&nbsp;<br>Omg 2, spelas tom&nbsp;<br>Omg 3, spelas tom&nbsp;<br>Omg 4 spelas tom&nbsp;<br>Final spelas tom&nbsp;<\/p>\t\t\t\t\t\t<\/div>\n\t\t\t\t<\/div>\n\t\t\t\t\t<\/div>\n\t\t<\/div>\n\t\t\t\t\t<\/div>\n\t\t<\/section>\n\t\t\t\t<section class=\"elementor-section elementor-top-section elementor-element elementor-element-1ab32a2 elementor-section-boxed elementor-section-height-default elementor-section-height-default\" data-id=\"1ab32a2\" data-element_type=\"section\">\n\t\t\t\t\t\t<div class=\"elementor-container elementor-column-gap-default\">\n\t\t\t\t\t<div class=\"elementor-column elementor-col-100 elementor-top-column elementor-element elementor-element-c85a89f\" data-id=\"c85a89f\" data-element_type=\"column\">\n\t\t\t<div class=\"elementor-widget-wrap elementor-element-populated\">\n\t\t\t\t\t\t<div class=\"elementor-element elementor-element-c7c8cb1 elementor-widget elementor-widget-image\" data-id=\"c7c8cb1\" data-element_type=\"widget\" data-widget_type=\"image.default\">\n\t\t\t\t<div class=\"elementor-widget-container\">\n\t\t\t<style>\/*! elementor - v3.21.0 - 30-04-2024 *\/\n.elementor-widget-image{text-align:center}.elementor-widget-image a{display:inline-block}.elementor-widget-image a img[src$=\".svg\"]{width:48px}.elementor-widget-image img{vertical-align:middle;display:inline-block}<\/style>\t\t\t\t\t\t\t\t\t\t<img decoding=\"async\" width=\"903\" height=\"639\" src=\"https:\/\/vara-bjertorpgk.se\/wp-content\/uploads\/2026\/04\/mATCHCUP.png\" class=\"attachment-large size-large wp-image-9743\" alt=\"\" srcset=\"https:\/\/vara-bjertorpgk.se\/wp-content\/uploads\/2026\/04\/mATCHCUP.png 903w, https:\/\/vara-bjertorpgk.se\/wp-content\/uploads\/2026\/04\/mATCHCUP-300x212.png 300w, https:\/\/vara-bjertorpgk.se\/wp-content\/uploads\/2026\/04\/mATCHCUP-768x543.png 768w\" sizes=\"(max-width: 903px) 100vw, 903px\" \/>\t\t\t\t\t\t\t\t\t\t\t\t\t<\/div>\n\t\t\t\t<\/div>\n\t\t\t\t\t<\/div>\n\t\t<\/div>\n\t\t\t\t\t<\/div>\n\t\t<\/section>\n\t\t\t\t<\/div>\n\t\t","protected":false},"excerpt":{"rendered":"<p>Match cupen MatchCupen 2026S\u00e5 h\u00e4r spelas v\u00e5r Match cup. Du ing\u00e5r i ett 2-manna lag med en Vinnarstege och en Looserstege. Det inneb\u00e4r att alla lag blir garanterade att f\u00e5 spela minst tv\u00e5 matcher. F\u00f6rlorar du allts\u00e5 f\u00f6rsta matchen inneb\u00e4r det att du blir \u00f6verflyttad till Looserstegen.Match Cupen best\u00e5r av max 32 lag och varje &hellip;<\/p>\n<p class=\"read-more\"> <a class=\"\" href=\"https:\/\/vara-bjertorpgk.se\/?page_id=2300\"> <span class=\"screen-reader-text\">Match Cupen<\/span> L\u00e4s mer &raquo;<\/a><\/p>\n","protected":false},"author":1,"featured_media":0,"parent":0,"menu_order":0,"comment_status":"closed","ping_status":"closed","template":"","meta":{"site-sidebar-layout":"no-sidebar","site-content-layout":"page-builder","ast-main-header-display":"","ast-hfb-above-header-display":"","ast-hfb-below-header-display":"","ast-hfb-mobile-header-display":"","site-post-title":"disabled","ast-breadcrumbs-content":"","ast-featured-img":"disabled","footer-sml-layout":"","theme-transparent-header-meta":"","adv-header-id-meta":"","stick-header-meta":"","header-above-stick-meta":"","header-main-stick-meta":"","header-below-stick-meta":"","footnotes":""},"class_list":["post-2300","page","type-page","status-publish","hentry"],"_links":{"self":[{"href":"https:\/\/vara-bjertorpgk.se\/index.php?rest_route=\/wp\/v2\/pages\/2300","targetHints":{"allow":["GET"]}}],"collection":[{"href":"https:\/\/vara-bjertorpgk.se\/index.php?rest_route=\/wp\/v2\/pages"}],"about":[{"href":"https:\/\/vara-bjertorpgk.se\/index.php?rest_route=\/wp\/v2\/types\/page"}],"author":[{"embeddable":true,"href":"https:\/\/vara-bjertorpgk.se\/index.php?rest_route=\/wp\/v2\/users\/1"}],"replies":[{"embeddable":true,"href":"https:\/\/vara-bjertorpgk.se\/index.php?rest_route=%2Fwp%2Fv2%2Fcomments&post=2300"}],"version-history":[{"count":100,"href":"https:\/\/vara-bjertorpgk.se\/index.php?rest_route=\/wp\/v2\/pages\/2300\/revisions"}],"predecessor-version":[{"id":9746,"href":"https:\/\/vara-bjertorpgk.se\/index.php?rest_route=\/wp\/v2\/pages\/2300\/revisions\/9746"}],"wp:attachment":[{"href":"https:\/\/vara-bjertorpgk.se\/index.php?rest_route=%2Fwp%2Fv2%2Fmedia&parent=2300"}],"curies":[{"name":"wp","href":"https:\/\/api.w.org\/{rel}","templated":true}]}}