{"id":1519,"date":"2022-06-20T14:17:39","date_gmt":"2022-06-20T12:17:39","guid":{"rendered":"https:\/\/vara-bjertorpgk.se\/?page_id=1519"},"modified":"2026-03-18T08:42:24","modified_gmt":"2026-03-18T07:42:24","slug":"tavlingar","status":"publish","type":"page","link":"https:\/\/vara-bjertorpgk.se\/?page_id=1519","title":{"rendered":"T\u00e4vlingar"},"content":{"rendered":"\t\t<div data-elementor-type=\"wp-page\" data-elementor-id=\"1519\" class=\"elementor elementor-1519\">\n\t\t\t\t\t\t<section class=\"elementor-section elementor-top-section elementor-element elementor-element-4160667 elementor-section-height-min-height elementor-section-boxed elementor-section-height-default elementor-section-items-middle\" data-id=\"4160667\" data-element_type=\"section\" data-settings=\"{&quot;background_background&quot;:&quot;classic&quot;}\">\n\t\t\t\t\t\t\t<div class=\"elementor-background-overlay\"><\/div>\n\t\t\t\t\t\t\t<div class=\"elementor-container elementor-column-gap-default\">\n\t\t\t\t\t<div class=\"elementor-column elementor-col-100 elementor-top-column elementor-element elementor-element-57f4f8e\" data-id=\"57f4f8e\" data-element_type=\"column\">\n\t\t\t<div class=\"elementor-widget-wrap elementor-element-populated\">\n\t\t\t\t\t\t<div class=\"elementor-element elementor-element-d634298 elementor-position-top elementor-widget elementor-widget-image-box\" data-id=\"d634298\" data-element_type=\"widget\" data-widget_type=\"image-box.default\">\n\t\t\t\t<div class=\"elementor-widget-container\">\n\t\t\t<style>\/*! elementor - v3.21.0 - 30-04-2024 *\/\n.elementor-widget-image-box .elementor-image-box-content{width:100%}@media (min-width:768px){.elementor-widget-image-box.elementor-position-left .elementor-image-box-wrapper,.elementor-widget-image-box.elementor-position-right .elementor-image-box-wrapper{display:flex}.elementor-widget-image-box.elementor-position-right .elementor-image-box-wrapper{text-align:end;flex-direction:row-reverse}.elementor-widget-image-box.elementor-position-left .elementor-image-box-wrapper{text-align:start;flex-direction:row}.elementor-widget-image-box.elementor-position-top .elementor-image-box-img{margin:auto}.elementor-widget-image-box.elementor-vertical-align-top .elementor-image-box-wrapper{align-items:flex-start}.elementor-widget-image-box.elementor-vertical-align-middle .elementor-image-box-wrapper{align-items:center}.elementor-widget-image-box.elementor-vertical-align-bottom .elementor-image-box-wrapper{align-items:flex-end}}@media (max-width:767px){.elementor-widget-image-box .elementor-image-box-img{margin-left:auto!important;margin-right:auto!important;margin-bottom:15px}}.elementor-widget-image-box .elementor-image-box-img{display:inline-block}.elementor-widget-image-box .elementor-image-box-title a{color:inherit}.elementor-widget-image-box .elementor-image-box-wrapper{text-align:center}.elementor-widget-image-box .elementor-image-box-description{margin:0}<\/style><div class=\"elementor-image-box-wrapper\"><figure class=\"elementor-image-box-img\"><a href=\"https:\/\/vara-bjertorpgk.se\/\" tabindex=\"-1\"><img fetchpriority=\"high\" decoding=\"async\" width=\"2000\" height=\"1894\" src=\"https:\/\/vara-bjertorpgk.se\/wp-content\/uploads\/2026\/02\/VBGK_logotyp_white_noring.png\" class=\"attachment-full size-full wp-image-9164\" alt=\"\" srcset=\"https:\/\/vara-bjertorpgk.se\/wp-content\/uploads\/2026\/02\/VBGK_logotyp_white_noring.png 2000w, https:\/\/vara-bjertorpgk.se\/wp-content\/uploads\/2026\/02\/VBGK_logotyp_white_noring-300x284.png 300w, https:\/\/vara-bjertorpgk.se\/wp-content\/uploads\/2026\/02\/VBGK_logotyp_white_noring-1024x970.png 1024w, https:\/\/vara-bjertorpgk.se\/wp-content\/uploads\/2026\/02\/VBGK_logotyp_white_noring-768x727.png 768w, https:\/\/vara-bjertorpgk.se\/wp-content\/uploads\/2026\/02\/VBGK_logotyp_white_noring-1536x1455.png 1536w\" sizes=\"(max-width: 2000px) 100vw, 2000px\" \/><\/a><\/figure><div class=\"elementor-image-box-content\"><h1 class=\"elementor-image-box-title\"><a href=\"https:\/\/vara-bjertorpgk.se\/\">T\u00e4vling<\/a><\/h1><\/div><\/div>\t\t<\/div>\n\t\t\t\t<\/div>\n\t\t\t\t\t<\/div>\n\t\t<\/div>\n\t\t\t\t\t<\/div>\n\t\t<\/section>\n\t\t\t\t<section class=\"elementor-section elementor-top-section elementor-element elementor-element-845c786 elementor-section-boxed elementor-section-height-default elementor-section-height-default\" data-id=\"845c786\" data-element_type=\"section\" data-settings=\"{&quot;background_background&quot;:&quot;classic&quot;}\">\n\t\t\t\t\t\t<div class=\"elementor-container elementor-column-gap-default\">\n\t\t\t\t\t<div class=\"elementor-column elementor-col-50 elementor-top-column elementor-element elementor-element-675c12a\" data-id=\"675c12a\" data-element_type=\"column\" data-settings=\"{&quot;background_background&quot;:&quot;slideshow&quot;,&quot;background_slideshow_gallery&quot;:[{&quot;id&quot;:9123,&quot;url&quot;:&quot;http:\\\/\\\/vara-bjertorpgk.se\\\/wp-content\\\/uploads\\\/2025\\\/12\\\/Bilder-20181015-125.jpg&quot;},{&quot;id&quot;:9063,&quot;url&quot;:&quot;http:\\\/\\\/vara-bjertorpgk.se\\\/wp-content\\\/uploads\\\/2025\\\/12\\\/AL2A9745.jpeg&quot;},{&quot;id&quot;:9060,&quot;url&quot;:&quot;http:\\\/\\\/vara-bjertorpgk.se\\\/wp-content\\\/uploads\\\/2025\\\/12\\\/HAl-6.jpeg&quot;},{&quot;id&quot;:8576,&quot;url&quot;:&quot;http:\\\/\\\/vara-bjertorpgk.se\\\/wp-content\\\/uploads\\\/2025\\\/06\\\/Hal-11.jpeg&quot;},{&quot;id&quot;:8552,&quot;url&quot;:&quot;http:\\\/\\\/vara-bjertorpgk.se\\\/wp-content\\\/uploads\\\/2025\\\/06\\\/Hal-6-2.jpeg&quot;},{&quot;id&quot;:8601,&quot;url&quot;:&quot;http:\\\/\\\/vara-bjertorpgk.se\\\/wp-content\\\/uploads\\\/2025\\\/06\\\/Green-Hal-1.jpeg&quot;},{&quot;id&quot;:8486,&quot;url&quot;:&quot;http:\\\/\\\/vara-bjertorpgk.se\\\/wp-content\\\/uploads\\\/2025\\\/06\\\/IMG_4120.jpeg&quot;}],&quot;background_slideshow_loop&quot;:&quot;yes&quot;,&quot;background_slideshow_slide_duration&quot;:5000,&quot;background_slideshow_slide_transition&quot;:&quot;fade&quot;,&quot;background_slideshow_transition_duration&quot;:500}\">\n\t\t\t<div class=\"elementor-widget-wrap\">\n\t\t\t\t\t\t\t<\/div>\n\t\t<\/div>\n\t\t\t\t<div class=\"elementor-column elementor-col-50 elementor-top-column elementor-element elementor-element-ccac1cf\" data-id=\"ccac1cf\" data-element_type=\"column\">\n\t\t\t<div class=\"elementor-widget-wrap elementor-element-populated\">\n\t\t\t\t\t\t<div class=\"elementor-element elementor-element-3b9f42a elementor-widget elementor-widget-heading\" data-id=\"3b9f42a\" data-element_type=\"widget\" data-widget_type=\"heading.default\">\n\t\t\t\t<div class=\"elementor-widget-container\">\n\t\t\t<style>\/*! elementor - v3.21.0 - 30-04-2024 *\/\n.elementor-heading-title{padding:0;margin:0;line-height:1}.elementor-widget-heading .elementor-heading-title[class*=elementor-size-]>a{color:inherit;font-size:inherit;line-height:inherit}.elementor-widget-heading .elementor-heading-title.elementor-size-small{font-size:15px}.elementor-widget-heading .elementor-heading-title.elementor-size-medium{font-size:19px}.elementor-widget-heading .elementor-heading-title.elementor-size-large{font-size:29px}.elementor-widget-heading .elementor-heading-title.elementor-size-xl{font-size:39px}.elementor-widget-heading .elementor-heading-title.elementor-size-xxl{font-size:59px}<\/style><h2 class=\"elementor-heading-title elementor-size-default\">T\u00e4vlingsinformation<\/h2>\t\t<\/div>\n\t\t\t\t<\/div>\n\t\t\t\t<div class=\"elementor-element elementor-element-b5626ee elementor-widget elementor-widget-text-editor\" data-id=\"b5626ee\" data-element_type=\"widget\" data-widget_type=\"text-editor.default\">\n\t\t\t\t<div class=\"elementor-widget-container\">\n\t\t\t<style>\/*! elementor - v3.21.0 - 30-04-2024 *\/\n.elementor-widget-text-editor.elementor-drop-cap-view-stacked .elementor-drop-cap{background-color:#69727d;color:#fff}.elementor-widget-text-editor.elementor-drop-cap-view-framed .elementor-drop-cap{color:#69727d;border:3px solid;background-color:transparent}.elementor-widget-text-editor:not(.elementor-drop-cap-view-default) .elementor-drop-cap{margin-top:8px}.elementor-widget-text-editor:not(.elementor-drop-cap-view-default) .elementor-drop-cap-letter{width:1em;height:1em}.elementor-widget-text-editor .elementor-drop-cap{float:left;text-align:center;line-height:1;font-size:50px}.elementor-widget-text-editor .elementor-drop-cap-letter{display:inline-block}<\/style>\t\t\t\t<p>Tillf\u00e4lliga villkor f\u00f6r en enskild t\u00e4vling och anm\u00e4lningsavgift finns angivna p\u00e5 t\u00e4vlingsinbjudan (Min Golf). D\u00e4rut\u00f6ver g\u00e4ller f\u00f6ljande villkor f\u00f6r alla t\u00e4vlingar p\u00e5 klubben om inget annat best\u00e4mts f\u00f6r en enskild t\u00e4vling.<\/p><p><b>Anm\u00e4lan till t\u00e4vling<\/b><br \/>Anm\u00e4lningstiden g\u00e5r ut 12.00 fredagen f\u00f6re t\u00e4vlingsdagen. Anm\u00e4lan g\u00f6rs via Min Golf. Vid \u00f6veranm\u00e4lan g\u00e4ller anm\u00e4lningsordning om inget annat angivits. Avanm\u00e4lan efter lottning, utan giltig anledning, debiteras med g\u00e4llande anm\u00e4lningsavgift. Uteblivande fr\u00e5n t\u00e4vling, utan giltig anledning se Spel- och t\u00e4vlingshandboken.<\/p><p><b>Startavgifter<\/b><br \/>140 kr\/pers senior<br \/>100 kr\/pers junior (upp till 18 \u00e5r)<\/p><p><b>S\u00e4rskilda t\u00e4vlingsbest\u00e4mmelser<br \/><\/b>Tee i handicapt\u00e4vlingar<br \/>Damer spelar fr\u00e5n r\u00f6d tee, men D75 och D12 f\u00e5r v\u00e4lja att spela fr\u00e5n orange tee.<br \/>Herrar spelar fr\u00e5n gul tee, men H75 och H12 f\u00e5r v\u00e4lja att spela fr\u00e5n r\u00f6d tee.<\/p><p><em>F\u00f6r att nyttja golfbil vid t\u00e4vlingar kr\u00e4vs l\u00e4karintyg<\/em><br \/><em>Undantag kan f\u00f6rekomma men d\u00e5 ska det st\u00e5 i t\u00e4vlingens t\u00e4vlingsbest\u00e4mmelser.<\/em><\/p>\t\t\t\t\t\t<\/div>\n\t\t\t\t<\/div>\n\t\t\t\t\t<\/div>\n\t\t<\/div>\n\t\t\t\t\t<\/div>\n\t\t<\/section>\n\t\t\t\t<section class=\"elementor-section elementor-top-section elementor-element elementor-element-34d6dbd elementor-section-boxed elementor-section-height-default elementor-section-height-default\" data-id=\"34d6dbd\" data-element_type=\"section\">\n\t\t\t\t\t\t<div class=\"elementor-container elementor-column-gap-default\">\n\t\t\t\t\t<div class=\"elementor-column elementor-col-100 elementor-top-column elementor-element elementor-element-1274ad4\" data-id=\"1274ad4\" data-element_type=\"column\">\n\t\t\t<div class=\"elementor-widget-wrap elementor-element-populated\">\n\t\t\t\t\t\t<div class=\"elementor-element elementor-element-4dea15e elementor-widget elementor-widget-html\" data-id=\"4dea15e\" data-element_type=\"widget\" data-widget_type=\"html.default\">\n\t\t\t\t<div class=\"elementor-widget-container\">\n\t\t\t<script src=\"https:\/\/scores.golfbox.dk\/api\/js\/schedule\/customerid\/823\/language\/1053\/template\/GITWidget\" type=\"text\/javascript\"><\/script>\t\t<\/div>\n\t\t\t\t<\/div>\n\t\t\t\t\t<\/div>\n\t\t<\/div>\n\t\t\t\t\t<\/div>\n\t\t<\/section>\n\t\t\t\t<\/div>\n\t\t","protected":false},"excerpt":{"rendered":"<p>T\u00e4vling T\u00e4vlingsinformation Tillf\u00e4lliga villkor f\u00f6r en enskild t\u00e4vling och anm\u00e4lningsavgift finns angivna p\u00e5 t\u00e4vlingsinbjudan (Min Golf). D\u00e4rut\u00f6ver g\u00e4ller f\u00f6ljande villkor f\u00f6r alla t\u00e4vlingar p\u00e5 klubben om inget annat best\u00e4mts f\u00f6r en enskild t\u00e4vling. Anm\u00e4lan till t\u00e4vlingAnm\u00e4lningstiden g\u00e5r ut 12.00 fredagen f\u00f6re t\u00e4vlingsdagen. Anm\u00e4lan g\u00f6rs via Min Golf. Vid \u00f6veranm\u00e4lan g\u00e4ller anm\u00e4lningsordning om inget annat angivits. &hellip;<\/p>\n<p class=\"read-more\"> <a class=\"\" href=\"https:\/\/vara-bjertorpgk.se\/?page_id=1519\"> <span class=\"screen-reader-text\">T\u00e4vlingar<\/span> L\u00e4s mer &raquo;<\/a><\/p>\n","protected":false},"author":1,"featured_media":0,"parent":0,"menu_order":0,"comment_status":"closed","ping_status":"closed","template":"","meta":{"site-sidebar-layout":"no-sidebar","site-content-layout":"page-builder","ast-main-header-display":"","ast-hfb-above-header-display":"","ast-hfb-below-header-display":"","ast-hfb-mobile-header-display":"","site-post-title":"disabled","ast-breadcrumbs-content":"","ast-featured-img":"disabled","footer-sml-layout":"","theme-transparent-header-meta":"","adv-header-id-meta":"","stick-header-meta":"","header-above-stick-meta":"","header-main-stick-meta":"","header-below-stick-meta":"","footnotes":""},"class_list":["post-1519","page","type-page","status-publish","hentry"],"_links":{"self":[{"href":"https:\/\/vara-bjertorpgk.se\/index.php?rest_route=\/wp\/v2\/pages\/1519","targetHints":{"allow":["GET"]}}],"collection":[{"href":"https:\/\/vara-bjertorpgk.se\/index.php?rest_route=\/wp\/v2\/pages"}],"about":[{"href":"https:\/\/vara-bjertorpgk.se\/index.php?rest_route=\/wp\/v2\/types\/page"}],"author":[{"embeddable":true,"href":"https:\/\/vara-bjertorpgk.se\/index.php?rest_route=\/wp\/v2\/users\/1"}],"replies":[{"embeddable":true,"href":"https:\/\/vara-bjertorpgk.se\/index.php?rest_route=%2Fwp%2Fv2%2Fcomments&post=1519"}],"version-history":[{"count":28,"href":"https:\/\/vara-bjertorpgk.se\/index.php?rest_route=\/wp\/v2\/pages\/1519\/revisions"}],"predecessor-version":[{"id":9491,"href":"https:\/\/vara-bjertorpgk.se\/index.php?rest_route=\/wp\/v2\/pages\/1519\/revisions\/9491"}],"wp:attachment":[{"href":"https:\/\/vara-bjertorpgk.se\/index.php?rest_route=%2Fwp%2Fv2%2Fmedia&parent=1519"}],"curies":[{"name":"wp","href":"https:\/\/api.w.org\/{rel}","templated":true}]}}