{"id":900,"date":"2022-04-18T22:19:45","date_gmt":"2022-04-18T20:19:45","guid":{"rendered":"https:\/\/varabjertorpgk.stromberggolf.se\/?page_id=900"},"modified":"2026-03-15T20:20:19","modified_gmt":"2026-03-15T19:20:19","slug":"boende","status":"publish","type":"page","link":"http:\/\/vara-bjertorpgk.se\/?page_id=900","title":{"rendered":"Boende"},"content":{"rendered":"\t\t<div data-elementor-type=\"wp-page\" data-elementor-id=\"900\" class=\"elementor elementor-900\">\n\t\t\t\t\t\t<section class=\"elementor-section elementor-top-section elementor-element elementor-element-eorcqcm elementor-section-height-min-height elementor-section-boxed elementor-section-height-default elementor-section-items-middle\" data-id=\"eorcqcm\" data-element_type=\"section\" data-settings=\"{&quot;background_background&quot;:&quot;classic&quot;}\">\n\t\t\t\t\t\t\t<div class=\"elementor-background-overlay\"><\/div>\n\t\t\t\t\t\t\t<div class=\"elementor-container elementor-column-gap-default\">\n\t\t\t\t\t<div class=\"elementor-column elementor-col-100 elementor-top-column elementor-element elementor-element-935b848\" data-id=\"935b848\" data-element_type=\"column\">\n\t\t\t<div class=\"elementor-widget-wrap elementor-element-populated\">\n\t\t\t\t\t\t<div class=\"elementor-element elementor-element-2a9d256 elementor-position-top elementor-widget elementor-widget-image-box\" data-id=\"2a9d256\" data-element_type=\"widget\" data-widget_type=\"image-box.default\">\n\t\t\t\t<div class=\"elementor-widget-container\">\n\t\t\t<style>\/*! elementor - v3.21.0 - 30-04-2024 *\/\n.elementor-widget-image-box .elementor-image-box-content{width:100%}@media (min-width:768px){.elementor-widget-image-box.elementor-position-left .elementor-image-box-wrapper,.elementor-widget-image-box.elementor-position-right .elementor-image-box-wrapper{display:flex}.elementor-widget-image-box.elementor-position-right .elementor-image-box-wrapper{text-align:end;flex-direction:row-reverse}.elementor-widget-image-box.elementor-position-left .elementor-image-box-wrapper{text-align:start;flex-direction:row}.elementor-widget-image-box.elementor-position-top .elementor-image-box-img{margin:auto}.elementor-widget-image-box.elementor-vertical-align-top .elementor-image-box-wrapper{align-items:flex-start}.elementor-widget-image-box.elementor-vertical-align-middle .elementor-image-box-wrapper{align-items:center}.elementor-widget-image-box.elementor-vertical-align-bottom .elementor-image-box-wrapper{align-items:flex-end}}@media (max-width:767px){.elementor-widget-image-box .elementor-image-box-img{margin-left:auto!important;margin-right:auto!important;margin-bottom:15px}}.elementor-widget-image-box .elementor-image-box-img{display:inline-block}.elementor-widget-image-box .elementor-image-box-title a{color:inherit}.elementor-widget-image-box .elementor-image-box-wrapper{text-align:center}.elementor-widget-image-box .elementor-image-box-description{margin:0}<\/style><div class=\"elementor-image-box-wrapper\"><figure class=\"elementor-image-box-img\"><a href=\"https:\/\/vara-bjertorpgk.se\/\" tabindex=\"-1\"><img fetchpriority=\"high\" decoding=\"async\" width=\"2000\" height=\"1894\" src=\"http:\/\/vara-bjertorpgk.se\/wp-content\/uploads\/2026\/02\/VBGK_logotyp_white_noring.png\" class=\"attachment-full size-full wp-image-9164\" alt=\"\" srcset=\"http:\/\/vara-bjertorpgk.se\/wp-content\/uploads\/2026\/02\/VBGK_logotyp_white_noring.png 2000w, http:\/\/vara-bjertorpgk.se\/wp-content\/uploads\/2026\/02\/VBGK_logotyp_white_noring-300x284.png 300w, http:\/\/vara-bjertorpgk.se\/wp-content\/uploads\/2026\/02\/VBGK_logotyp_white_noring-1024x970.png 1024w, http:\/\/vara-bjertorpgk.se\/wp-content\/uploads\/2026\/02\/VBGK_logotyp_white_noring-768x727.png 768w, http:\/\/vara-bjertorpgk.se\/wp-content\/uploads\/2026\/02\/VBGK_logotyp_white_noring-1536x1455.png 1536w\" sizes=\"(max-width: 2000px) 100vw, 2000px\" \/><\/a><\/figure><div class=\"elementor-image-box-content\"><h1 class=\"elementor-image-box-title\"><a href=\"https:\/\/vara-bjertorpgk.se\/\">Boende<\/a><\/h1><\/div><\/div>\t\t<\/div>\n\t\t\t\t<\/div>\n\t\t\t\t\t<\/div>\n\t\t<\/div>\n\t\t\t\t\t<\/div>\n\t\t<\/section>\n\t\t\t\t<section class=\"elementor-section elementor-top-section elementor-element elementor-element-16cc182 elementor-section-boxed elementor-section-height-default elementor-section-height-default\" data-id=\"16cc182\" data-element_type=\"section\">\n\t\t\t\t\t\t<div class=\"elementor-container elementor-column-gap-default\">\n\t\t\t\t\t<div class=\"elementor-column elementor-col-50 elementor-top-column elementor-element elementor-element-8911b0b\" data-id=\"8911b0b\" data-element_type=\"column\">\n\t\t\t<div class=\"elementor-widget-wrap elementor-element-populated\">\n\t\t\t\t\t\t<div class=\"elementor-element elementor-element-8a324c4 elementor-widget elementor-widget-image\" data-id=\"8a324c4\" data-element_type=\"widget\" data-widget_type=\"image.default\">\n\t\t\t\t<div class=\"elementor-widget-container\">\n\t\t\t<style>\/*! elementor - v3.21.0 - 30-04-2024 *\/\n.elementor-widget-image{text-align:center}.elementor-widget-image a{display:inline-block}.elementor-widget-image a img[src$=\".svg\"]{width:48px}.elementor-widget-image img{vertical-align:middle;display:inline-block}<\/style>\t\t\t\t\t\t\t\t\t\t<img decoding=\"async\" width=\"2560\" height=\"1920\" src=\"http:\/\/vara-bjertorpgk.se\/wp-content\/uploads\/2022\/06\/IMG_4508-1-scaled.jpg\" class=\"attachment-full size-full wp-image-1451\" alt=\"\" srcset=\"http:\/\/vara-bjertorpgk.se\/wp-content\/uploads\/2022\/06\/IMG_4508-1-scaled.jpg 2560w, http:\/\/vara-bjertorpgk.se\/wp-content\/uploads\/2022\/06\/IMG_4508-1-300x225.jpg 300w, http:\/\/vara-bjertorpgk.se\/wp-content\/uploads\/2022\/06\/IMG_4508-1-1024x768.jpg 1024w, http:\/\/vara-bjertorpgk.se\/wp-content\/uploads\/2022\/06\/IMG_4508-1-768x576.jpg 768w, http:\/\/vara-bjertorpgk.se\/wp-content\/uploads\/2022\/06\/IMG_4508-1-1536x1152.jpg 1536w, http:\/\/vara-bjertorpgk.se\/wp-content\/uploads\/2022\/06\/IMG_4508-1-2048x1536.jpg 2048w\" sizes=\"(max-width: 2560px) 100vw, 2560px\" \/>\t\t\t\t\t\t\t\t\t\t\t\t\t<\/div>\n\t\t\t\t<\/div>\n\t\t\t\t\t<\/div>\n\t\t<\/div>\n\t\t\t\t<div class=\"elementor-column elementor-col-50 elementor-top-column elementor-element elementor-element-6362c85\" data-id=\"6362c85\" data-element_type=\"column\">\n\t\t\t<div class=\"elementor-widget-wrap elementor-element-populated\">\n\t\t\t\t\t\t<div class=\"elementor-element elementor-element-14154d4 elementor-widget elementor-widget-image\" data-id=\"14154d4\" data-element_type=\"widget\" data-widget_type=\"image.default\">\n\t\t\t\t<div class=\"elementor-widget-container\">\n\t\t\t\t\t\t\t\t\t\t\t\t\t<img decoding=\"async\" width=\"1024\" height=\"711\" src=\"http:\/\/vara-bjertorpgk.se\/wp-content\/uploads\/2026\/03\/lumber-1024x711.jpg\" class=\"attachment-large size-large wp-image-9196\" alt=\"\" srcset=\"http:\/\/vara-bjertorpgk.se\/wp-content\/uploads\/2026\/03\/lumber-1024x711.jpg 1024w, http:\/\/vara-bjertorpgk.se\/wp-content\/uploads\/2026\/03\/lumber-300x208.jpg 300w, http:\/\/vara-bjertorpgk.se\/wp-content\/uploads\/2026\/03\/lumber-768x533.jpg 768w, http:\/\/vara-bjertorpgk.se\/wp-content\/uploads\/2026\/03\/lumber.jpg 1400w\" sizes=\"(max-width: 1024px) 100vw, 1024px\" \/>\t\t\t\t\t\t\t\t\t\t\t\t\t<\/div>\n\t\t\t\t<\/div>\n\t\t\t\t\t<\/div>\n\t\t<\/div>\n\t\t\t\t\t<\/div>\n\t\t<\/section>\n\t\t\t\t<section class=\"elementor-section elementor-top-section elementor-element elementor-element-2e4c514 elementor-section-boxed elementor-section-height-default elementor-section-height-default\" data-id=\"2e4c514\" data-element_type=\"section\">\n\t\t\t\t\t\t<div class=\"elementor-container elementor-column-gap-default\">\n\t\t\t\t\t<div class=\"elementor-column elementor-col-50 elementor-top-column elementor-element elementor-element-bfd3ea9\" data-id=\"bfd3ea9\" data-element_type=\"column\">\n\t\t\t<div class=\"elementor-widget-wrap elementor-element-populated\">\n\t\t\t\t\t\t<div class=\"elementor-element elementor-element-1fabf1a elementor-widget elementor-widget-text-editor\" data-id=\"1fabf1a\" data-element_type=\"widget\" data-widget_type=\"text-editor.default\">\n\t\t\t\t<div class=\"elementor-widget-container\">\n\t\t\t<style>\/*! elementor - v3.21.0 - 30-04-2024 *\/\n.elementor-widget-text-editor.elementor-drop-cap-view-stacked .elementor-drop-cap{background-color:#69727d;color:#fff}.elementor-widget-text-editor.elementor-drop-cap-view-framed .elementor-drop-cap{color:#69727d;border:3px solid;background-color:transparent}.elementor-widget-text-editor:not(.elementor-drop-cap-view-default) .elementor-drop-cap{margin-top:8px}.elementor-widget-text-editor:not(.elementor-drop-cap-view-default) .elementor-drop-cap-letter{width:1em;height:1em}.elementor-widget-text-editor .elementor-drop-cap{float:left;text-align:center;line-height:1;font-size:50px}.elementor-widget-text-editor .elementor-drop-cap-letter{display:inline-block}<\/style>\t\t\t\t<p><b>Bo p\u00e5 Bjertorp slott<br \/><\/b><br \/>V\u00e5r n\u00e4rmaste granne, endast v\u00e5r range ligger mellan oss.<\/p><p>Bjertorp Slott \u00e4r Sveriges yngsta jugendslott, ritat av d\u00e5tidens stora arkitekt Ferdinand Boberg 1914. Idag \u00e4r slottet en m\u00f6tesplats f\u00f6r golf, cykling, fest, br\u00f6llop och konferens. Helt enkelt en plats f\u00f6r alla livsnjutare. Slottets restaurang \u00e4r \u00e5rligen omn\u00e4mnd och po\u00e4ngbed\u00f6md i Sveriges ledande restaurangguide \u2013 White Guide \u2013 och golfbanan ligger precis utanf\u00f6r slottet.<\/p><p>Bes\u00f6k hemsidan f\u00f6r att boka n\u00e5got av Bjertorp Slotts golfpaket med \u00f6vernattning och slottsmiddag.<\/p><p><a href=\"http:\/\/www.bjertorpslott.se\/\">www.bjertorpslott.se<\/a><\/p>\t\t\t\t\t\t<\/div>\n\t\t\t\t<\/div>\n\t\t\t\t\t<\/div>\n\t\t<\/div>\n\t\t\t\t<div class=\"elementor-column elementor-col-50 elementor-top-column elementor-element elementor-element-da46d9a\" data-id=\"da46d9a\" data-element_type=\"column\">\n\t\t\t<div class=\"elementor-widget-wrap elementor-element-populated\">\n\t\t\t\t\t\t<div class=\"elementor-element elementor-element-5395afa elementor-widget elementor-widget-text-editor\" data-id=\"5395afa\" data-element_type=\"widget\" data-widget_type=\"text-editor.default\">\n\t\t\t\t<div class=\"elementor-widget-container\">\n\t\t\t\t\t\t\t<p><b>Bo p\u00e5 Lumber &amp; Karle<\/b><\/p><p>I den mjuka v\u00e4stg\u00f6tska mylla, d\u00e4r jordbruksbygd och k\u00f6pingar v\u00e4vs samman, finner Du Lumber &amp; Karle Hotell. Med en fl\u00e4kt av antikens klassicism och en f\u00f6rebild i den romerska villan, har vi skapat en hotellanl\u00e4ggning som kan m\u00f6ta dr\u00f6mmen om vila eller behov av aktivitet.<\/p><p>Efter en h\u00e4rlig golfrunda \u00e4r ni v\u00e4lkomna tillbaka till hotellet d\u00e4r ni kan slappna av i v\u00e5r relaxavdelning, spela bowling eller shuffleboard innan vi serverar er en v\u00e4lkomponerad 3-r\u00e4tters middag. Sov sedan gott i v\u00e5ra sk\u00f6na s\u00e4ngar innan vi dukar upp en stor frukostbuff\u00e9 dagen efter.<\/p><p>G\u00e5 in p\u00e5 v\u00e5r hemsida f\u00f6r mer information om v\u00e5ra golfpaket!<\/p><p><a href=\"https:\/\/www.lumberkarle.se\/\">www.lumberkarle.se<\/a><\/p><p><b>OBS! Hotellet ligger knappt 10 minuters bilresa fr\u00e5n banan. \u00d6nskar du f\u00e5 transport till och fr\u00e5n banan, kontakta klubben p\u00e5 0512-20261.<\/b><\/p><p><b>\u00a0<\/b><\/p>\t\t\t\t\t\t<\/div>\n\t\t\t\t<\/div>\n\t\t\t\t\t<\/div>\n\t\t<\/div>\n\t\t\t\t\t<\/div>\n\t\t<\/section>\n\t\t\t\t<\/div>\n\t\t","protected":false},"excerpt":{"rendered":"<p>Boende Bo p\u00e5 Bjertorp slottV\u00e5r n\u00e4rmaste granne, endast v\u00e5r range ligger mellan oss. Bjertorp Slott \u00e4r Sveriges yngsta jugendslott, ritat av d\u00e5tidens stora arkitekt Ferdinand Boberg 1914. Idag \u00e4r slottet en m\u00f6tesplats f\u00f6r golf, cykling, fest, br\u00f6llop och konferens. Helt enkelt en plats f\u00f6r alla livsnjutare. Slottets restaurang \u00e4r \u00e5rligen omn\u00e4mnd och po\u00e4ngbed\u00f6md i Sveriges &hellip;<\/p>\n<p class=\"read-more\"> <a class=\"\" href=\"http:\/\/vara-bjertorpgk.se\/?page_id=900\"> <span class=\"screen-reader-text\">Boende<\/span> L\u00e4s mer &raquo;<\/a><\/p>\n","protected":false},"author":1,"featured_media":0,"parent":0,"menu_order":0,"comment_status":"closed","ping_status":"closed","template":"","meta":{"site-sidebar-layout":"no-sidebar","site-content-layout":"page-builder","ast-main-header-display":"","ast-hfb-above-header-display":"","ast-hfb-below-header-display":"","ast-hfb-mobile-header-display":"","site-post-title":"disabled","ast-breadcrumbs-content":"","ast-featured-img":"disabled","footer-sml-layout":"","theme-transparent-header-meta":"","adv-header-id-meta":"","stick-header-meta":"","header-above-stick-meta":"","header-main-stick-meta":"","header-below-stick-meta":"","footnotes":""},"class_list":["post-900","page","type-page","status-publish","hentry"],"_links":{"self":[{"href":"http:\/\/vara-bjertorpgk.se\/index.php?rest_route=\/wp\/v2\/pages\/900","targetHints":{"allow":["GET"]}}],"collection":[{"href":"http:\/\/vara-bjertorpgk.se\/index.php?rest_route=\/wp\/v2\/pages"}],"about":[{"href":"http:\/\/vara-bjertorpgk.se\/index.php?rest_route=\/wp\/v2\/types\/page"}],"author":[{"embeddable":true,"href":"http:\/\/vara-bjertorpgk.se\/index.php?rest_route=\/wp\/v2\/users\/1"}],"replies":[{"embeddable":true,"href":"http:\/\/vara-bjertorpgk.se\/index.php?rest_route=%2Fwp%2Fv2%2Fcomments&post=900"}],"version-history":[{"count":94,"href":"http:\/\/vara-bjertorpgk.se\/index.php?rest_route=\/wp\/v2\/pages\/900\/revisions"}],"predecessor-version":[{"id":9371,"href":"http:\/\/vara-bjertorpgk.se\/index.php?rest_route=\/wp\/v2\/pages\/900\/revisions\/9371"}],"wp:attachment":[{"href":"http:\/\/vara-bjertorpgk.se\/index.php?rest_route=%2Fwp%2Fv2%2Fmedia&parent=900"}],"curies":[{"name":"wp","href":"https:\/\/api.w.org\/{rel}","templated":true}]}}