{"id":4488,"date":"2023-02-28T19:12:22","date_gmt":"2023-02-28T18:12:22","guid":{"rendered":"http:\/\/vara-bjertorpgk.se\/?page_id=4488"},"modified":"2026-04-15T16:26:50","modified_gmt":"2026-04-15T14:26:50","slug":"damkommitten","status":"publish","type":"page","link":"http:\/\/vara-bjertorpgk.se\/?page_id=4488","title":{"rendered":"Damkommitt\u00e9n"},"content":{"rendered":"\t\t<div data-elementor-type=\"wp-page\" data-elementor-id=\"4488\" class=\"elementor elementor-4488\">\n\t\t\t\t\t\t<section class=\"elementor-section elementor-top-section elementor-element elementor-element-de0d104 elementor-section-height-min-height elementor-section-boxed elementor-section-height-default elementor-section-items-middle\" data-id=\"de0d104\" data-element_type=\"section\" data-settings=\"{&quot;background_background&quot;:&quot;classic&quot;}\">\n\t\t\t\t\t\t\t<div class=\"elementor-background-overlay\"><\/div>\n\t\t\t\t\t\t\t<div class=\"elementor-container elementor-column-gap-default\">\n\t\t\t\t\t<div class=\"elementor-column elementor-col-100 elementor-top-column elementor-element elementor-element-5dec5eb\" data-id=\"5dec5eb\" data-element_type=\"column\">\n\t\t\t<div class=\"elementor-widget-wrap elementor-element-populated\">\n\t\t\t\t\t\t<div class=\"elementor-element elementor-element-5bfebbb elementor-position-top elementor-widget elementor-widget-image-box\" data-id=\"5bfebbb\" data-element_type=\"widget\" data-widget_type=\"image-box.default\">\n\t\t\t\t<div class=\"elementor-widget-container\">\n\t\t\t<style>\/*! elementor - v3.21.0 - 30-04-2024 *\/\n.elementor-widget-image-box .elementor-image-box-content{width:100%}@media (min-width:768px){.elementor-widget-image-box.elementor-position-left .elementor-image-box-wrapper,.elementor-widget-image-box.elementor-position-right .elementor-image-box-wrapper{display:flex}.elementor-widget-image-box.elementor-position-right .elementor-image-box-wrapper{text-align:end;flex-direction:row-reverse}.elementor-widget-image-box.elementor-position-left .elementor-image-box-wrapper{text-align:start;flex-direction:row}.elementor-widget-image-box.elementor-position-top .elementor-image-box-img{margin:auto}.elementor-widget-image-box.elementor-vertical-align-top .elementor-image-box-wrapper{align-items:flex-start}.elementor-widget-image-box.elementor-vertical-align-middle .elementor-image-box-wrapper{align-items:center}.elementor-widget-image-box.elementor-vertical-align-bottom .elementor-image-box-wrapper{align-items:flex-end}}@media (max-width:767px){.elementor-widget-image-box .elementor-image-box-img{margin-left:auto!important;margin-right:auto!important;margin-bottom:15px}}.elementor-widget-image-box .elementor-image-box-img{display:inline-block}.elementor-widget-image-box .elementor-image-box-title a{color:inherit}.elementor-widget-image-box .elementor-image-box-wrapper{text-align:center}.elementor-widget-image-box .elementor-image-box-description{margin:0}<\/style><div class=\"elementor-image-box-wrapper\"><figure class=\"elementor-image-box-img\"><a href=\"https:\/\/vara-bjertorpgk.se\/\" tabindex=\"-1\"><img fetchpriority=\"high\" decoding=\"async\" width=\"2000\" height=\"1894\" src=\"http:\/\/vara-bjertorpgk.se\/wp-content\/uploads\/2026\/02\/VBGK_logotyp_white_noring.png\" class=\"attachment-full size-full wp-image-9164\" alt=\"\" srcset=\"http:\/\/vara-bjertorpgk.se\/wp-content\/uploads\/2026\/02\/VBGK_logotyp_white_noring.png 2000w, http:\/\/vara-bjertorpgk.se\/wp-content\/uploads\/2026\/02\/VBGK_logotyp_white_noring-300x284.png 300w, http:\/\/vara-bjertorpgk.se\/wp-content\/uploads\/2026\/02\/VBGK_logotyp_white_noring-1024x970.png 1024w, http:\/\/vara-bjertorpgk.se\/wp-content\/uploads\/2026\/02\/VBGK_logotyp_white_noring-768x727.png 768w, http:\/\/vara-bjertorpgk.se\/wp-content\/uploads\/2026\/02\/VBGK_logotyp_white_noring-1536x1455.png 1536w\" sizes=\"(max-width: 2000px) 100vw, 2000px\" \/><\/a><\/figure><div class=\"elementor-image-box-content\"><h1 class=\"elementor-image-box-title\"><a href=\"https:\/\/vara-bjertorpgk.se\/\">Dam<\/a><\/h1><\/div><\/div>\t\t<\/div>\n\t\t\t\t<\/div>\n\t\t\t\t\t<\/div>\n\t\t<\/div>\n\t\t\t\t\t<\/div>\n\t\t<\/section>\n\t\t\t\t<section class=\"elementor-section elementor-top-section elementor-element elementor-element-2791132a elementor-section-boxed elementor-section-height-default elementor-section-height-default\" data-id=\"2791132a\" data-element_type=\"section\">\n\t\t\t\t\t\t<div class=\"elementor-container elementor-column-gap-default\">\n\t\t\t\t\t<div class=\"elementor-column elementor-col-100 elementor-top-column elementor-element elementor-element-5344bc3a\" data-id=\"5344bc3a\" data-element_type=\"column\">\n\t\t\t<div class=\"elementor-widget-wrap elementor-element-populated\">\n\t\t\t\t\t\t<div class=\"elementor-element elementor-element-80495fe elementor-widget elementor-widget-text-editor\" data-id=\"80495fe\" data-element_type=\"widget\" data-widget_type=\"text-editor.default\">\n\t\t\t\t<div class=\"elementor-widget-container\">\n\t\t\t<style>\/*! elementor - v3.21.0 - 30-04-2024 *\/\n.elementor-widget-text-editor.elementor-drop-cap-view-stacked .elementor-drop-cap{background-color:#69727d;color:#fff}.elementor-widget-text-editor.elementor-drop-cap-view-framed .elementor-drop-cap{color:#69727d;border:3px solid;background-color:transparent}.elementor-widget-text-editor:not(.elementor-drop-cap-view-default) .elementor-drop-cap{margin-top:8px}.elementor-widget-text-editor:not(.elementor-drop-cap-view-default) .elementor-drop-cap-letter{width:1em;height:1em}.elementor-widget-text-editor .elementor-drop-cap{float:left;text-align:center;line-height:1;font-size:50px}.elementor-widget-text-editor .elementor-drop-cap-letter{display:inline-block}<\/style>\t\t\t\t<p>V\u00e5r damkommitt\u00e9 kommer h\u00e4r att presentera olika aktiviteter under \u00e5ret, s\u00e5 h\u00e5ll dig uppdaterad.<\/p>\t\t\t\t\t\t<\/div>\n\t\t\t\t<\/div>\n\t\t\t\t\t<\/div>\n\t\t<\/div>\n\t\t\t\t\t<\/div>\n\t\t<\/section>\n\t\t\t\t<section class=\"elementor-section elementor-top-section elementor-element elementor-element-96ef1d3 elementor-section-boxed elementor-section-height-default elementor-section-height-default\" data-id=\"96ef1d3\" data-element_type=\"section\">\n\t\t\t\t\t\t<div class=\"elementor-container elementor-column-gap-default\">\n\t\t\t\t\t<div class=\"elementor-column elementor-col-100 elementor-top-column elementor-element elementor-element-089a6fd\" data-id=\"089a6fd\" data-element_type=\"column\">\n\t\t\t<div class=\"elementor-widget-wrap elementor-element-populated\">\n\t\t\t\t\t\t<div class=\"elementor-element elementor-element-6d26898 elementor-widget elementor-widget-image\" data-id=\"6d26898\" data-element_type=\"widget\" data-widget_type=\"image.default\">\n\t\t\t\t<div class=\"elementor-widget-container\">\n\t\t\t<style>\/*! elementor - v3.21.0 - 30-04-2024 *\/\n.elementor-widget-image{text-align:center}.elementor-widget-image a{display:inline-block}.elementor-widget-image a img[src$=\".svg\"]{width:48px}.elementor-widget-image img{vertical-align:middle;display:inline-block}<\/style>\t\t\t\t\t\t\t\t\t\t<img decoding=\"async\" width=\"1024\" height=\"724\" src=\"http:\/\/vara-bjertorpgk.se\/wp-content\/uploads\/2026\/04\/2-1-1024x724.jpg\" class=\"attachment-large size-large wp-image-9721\" alt=\"\" srcset=\"http:\/\/vara-bjertorpgk.se\/wp-content\/uploads\/2026\/04\/2-1-1024x724.jpg 1024w, http:\/\/vara-bjertorpgk.se\/wp-content\/uploads\/2026\/04\/2-1-300x212.jpg 300w, http:\/\/vara-bjertorpgk.se\/wp-content\/uploads\/2026\/04\/2-1-768x543.jpg 768w, http:\/\/vara-bjertorpgk.se\/wp-content\/uploads\/2026\/04\/2-1-1536x1086.jpg 1536w, http:\/\/vara-bjertorpgk.se\/wp-content\/uploads\/2026\/04\/2-1.jpg 2000w\" sizes=\"(max-width: 1024px) 100vw, 1024px\" \/>\t\t\t\t\t\t\t\t\t\t\t\t\t<\/div>\n\t\t\t\t<\/div>\n\t\t\t\t<div class=\"elementor-element elementor-element-51cd286 elementor-widget elementor-widget-image\" data-id=\"51cd286\" data-element_type=\"widget\" data-widget_type=\"image.default\">\n\t\t\t\t<div class=\"elementor-widget-container\">\n\t\t\t\t\t\t\t\t\t\t\t\t\t<img decoding=\"async\" width=\"1024\" height=\"724\" src=\"http:\/\/vara-bjertorpgk.se\/wp-content\/uploads\/2026\/04\/1-1-1024x724.jpg\" class=\"attachment-large size-large wp-image-9720\" alt=\"\" srcset=\"http:\/\/vara-bjertorpgk.se\/wp-content\/uploads\/2026\/04\/1-1-1024x724.jpg 1024w, http:\/\/vara-bjertorpgk.se\/wp-content\/uploads\/2026\/04\/1-1-300x212.jpg 300w, http:\/\/vara-bjertorpgk.se\/wp-content\/uploads\/2026\/04\/1-1-768x543.jpg 768w, http:\/\/vara-bjertorpgk.se\/wp-content\/uploads\/2026\/04\/1-1-1536x1086.jpg 1536w, http:\/\/vara-bjertorpgk.se\/wp-content\/uploads\/2026\/04\/1-1.jpg 2000w\" sizes=\"(max-width: 1024px) 100vw, 1024px\" \/>\t\t\t\t\t\t\t\t\t\t\t\t\t<\/div>\n\t\t\t\t<\/div>\n\t\t\t\t\t<\/div>\n\t\t<\/div>\n\t\t\t\t\t<\/div>\n\t\t<\/section>\n\t\t\t\t<section class=\"elementor-section elementor-top-section elementor-element elementor-element-72f8728 elementor-section-boxed elementor-section-height-default elementor-section-height-default\" data-id=\"72f8728\" data-element_type=\"section\">\n\t\t\t\t\t\t<div class=\"elementor-container elementor-column-gap-default\">\n\t\t\t\t\t<div class=\"elementor-column elementor-col-100 elementor-top-column elementor-element elementor-element-63800ed\" data-id=\"63800ed\" data-element_type=\"column\">\n\t\t\t<div class=\"elementor-widget-wrap\">\n\t\t\t\t\t\t\t<\/div>\n\t\t<\/div>\n\t\t\t\t\t<\/div>\n\t\t<\/section>\n\t\t\t\t<\/div>\n\t\t","protected":false},"excerpt":{"rendered":"<p>Dam V\u00e5r damkommitt\u00e9 kommer h\u00e4r att presentera olika aktiviteter under \u00e5ret, s\u00e5 h\u00e5ll dig uppdaterad.<\/p>\n","protected":false},"author":1,"featured_media":0,"parent":0,"menu_order":0,"comment_status":"closed","ping_status":"closed","template":"","meta":{"site-sidebar-layout":"no-sidebar","site-content-layout":"page-builder","ast-main-header-display":"","ast-hfb-above-header-display":"","ast-hfb-below-header-display":"","ast-hfb-mobile-header-display":"","site-post-title":"disabled","ast-breadcrumbs-content":"","ast-featured-img":"disabled","footer-sml-layout":"","theme-transparent-header-meta":"","adv-header-id-meta":"","stick-header-meta":"","header-above-stick-meta":"","header-main-stick-meta":"","header-below-stick-meta":"","footnotes":""},"class_list":["post-4488","page","type-page","status-publish","hentry"],"_links":{"self":[{"href":"http:\/\/vara-bjertorpgk.se\/index.php?rest_route=\/wp\/v2\/pages\/4488","targetHints":{"allow":["GET"]}}],"collection":[{"href":"http:\/\/vara-bjertorpgk.se\/index.php?rest_route=\/wp\/v2\/pages"}],"about":[{"href":"http:\/\/vara-bjertorpgk.se\/index.php?rest_route=\/wp\/v2\/types\/page"}],"author":[{"embeddable":true,"href":"http:\/\/vara-bjertorpgk.se\/index.php?rest_route=\/wp\/v2\/users\/1"}],"replies":[{"embeddable":true,"href":"http:\/\/vara-bjertorpgk.se\/index.php?rest_route=%2Fwp%2Fv2%2Fcomments&post=4488"}],"version-history":[{"count":100,"href":"http:\/\/vara-bjertorpgk.se\/index.php?rest_route=\/wp\/v2\/pages\/4488\/revisions"}],"predecessor-version":[{"id":9724,"href":"http:\/\/vara-bjertorpgk.se\/index.php?rest_route=\/wp\/v2\/pages\/4488\/revisions\/9724"}],"wp:attachment":[{"href":"http:\/\/vara-bjertorpgk.se\/index.php?rest_route=%2Fwp%2Fv2%2Fmedia&parent=4488"}],"curies":[{"name":"wp","href":"https:\/\/api.w.org\/{rel}","templated":true}]}}