{"id":1547,"date":"2022-06-20T14:34:37","date_gmt":"2022-06-20T12:34:37","guid":{"rendered":"https:\/\/vara-bjertorpgk.se\/?page_id=1547"},"modified":"2025-03-14T10:19:54","modified_gmt":"2025-03-14T09:19:54","slug":"tavlingsgree","status":"publish","type":"page","link":"http:\/\/vara-bjertorpgk.se\/?page_id=1547","title":{"rendered":"T\u00e4vlingsgree"},"content":{"rendered":"\t\t<div data-elementor-type=\"wp-page\" data-elementor-id=\"1547\" class=\"elementor elementor-1547\">\n\t\t\t\t\t\t<section class=\"elementor-section elementor-top-section elementor-element elementor-element-2ddb0b6d elementor-section-boxed elementor-section-height-default elementor-section-height-default\" data-id=\"2ddb0b6d\" data-element_type=\"section\" data-settings=\"{&quot;background_background&quot;:&quot;classic&quot;}\">\n\t\t\t\t\t\t\t<div class=\"elementor-background-overlay\"><\/div>\n\t\t\t\t\t\t\t<div class=\"elementor-container elementor-column-gap-default\">\n\t\t\t\t\t<div class=\"elementor-column elementor-col-100 elementor-top-column elementor-element elementor-element-509894b8\" data-id=\"509894b8\" data-element_type=\"column\">\n\t\t\t<div class=\"elementor-widget-wrap\">\n\t\t\t\t\t\t\t<\/div>\n\t\t<\/div>\n\t\t\t\t\t<\/div>\n\t\t<\/section>\n\t\t\t\t<section class=\"elementor-section elementor-top-section elementor-element elementor-element-536e46fe elementor-reverse-mobile elementor-section-boxed elementor-section-height-default elementor-section-height-default\" data-id=\"536e46fe\" data-element_type=\"section\">\n\t\t\t\t\t\t<div class=\"elementor-container elementor-column-gap-no\">\n\t\t\t\t\t<div class=\"elementor-column elementor-col-50 elementor-top-column elementor-element elementor-element-59eb050b\" data-id=\"59eb050b\" data-element_type=\"column\">\n\t\t\t<div class=\"elementor-widget-wrap elementor-element-populated\">\n\t\t\t\t\t\t<div class=\"elementor-element elementor-element-e977a13 elementor-widget elementor-widget-heading\" data-id=\"e977a13\" data-element_type=\"widget\" data-widget_type=\"heading.default\">\n\t\t\t\t<div class=\"elementor-widget-container\">\n\t\t\t<style>\/*! elementor - v3.21.0 - 30-04-2024 *\/\n.elementor-heading-title{padding:0;margin:0;line-height:1}.elementor-widget-heading .elementor-heading-title[class*=elementor-size-]>a{color:inherit;font-size:inherit;line-height:inherit}.elementor-widget-heading .elementor-heading-title.elementor-size-small{font-size:15px}.elementor-widget-heading .elementor-heading-title.elementor-size-medium{font-size:19px}.elementor-widget-heading .elementor-heading-title.elementor-size-large{font-size:29px}.elementor-widget-heading .elementor-heading-title.elementor-size-xl{font-size:39px}.elementor-widget-heading .elementor-heading-title.elementor-size-xxl{font-size:59px}<\/style><h2 class=\"elementor-heading-title elementor-size-default\">t\u00e4vlingsgreenfee<\/h2>\t\t<\/div>\n\t\t\t\t<\/div>\n\t\t\t\t<div class=\"elementor-element elementor-element-2b825d8 elementor-widget elementor-widget-text-editor\" data-id=\"2b825d8\" data-element_type=\"widget\" data-widget_type=\"text-editor.default\">\n\t\t\t\t<div class=\"elementor-widget-container\">\n\t\t\t<style>\/*! elementor - v3.21.0 - 30-04-2024 *\/\n.elementor-widget-text-editor.elementor-drop-cap-view-stacked .elementor-drop-cap{background-color:#69727d;color:#fff}.elementor-widget-text-editor.elementor-drop-cap-view-framed .elementor-drop-cap{color:#69727d;border:3px solid;background-color:transparent}.elementor-widget-text-editor:not(.elementor-drop-cap-view-default) .elementor-drop-cap{margin-top:8px}.elementor-widget-text-editor:not(.elementor-drop-cap-view-default) .elementor-drop-cap-letter{width:1em;height:1em}.elementor-widget-text-editor .elementor-drop-cap{float:left;text-align:center;line-height:1;font-size:50px}.elementor-widget-text-editor .elementor-drop-cap-letter{display:inline-block}<\/style>\t\t\t\t<p>G\u00e4ller vid lottade klubbt\u00e4vlingar om inget annat anges i villkoren f\u00f6r t\u00e4vlingen.<\/p>\n<p>250 kr senior<br>100 kr junior, till och med 18 \u00e5r.<\/p>\n<p>Skaraborgsgolfaren<br>150 kr vardag<br>175 kr helg<\/p>\n<p>Observera att introduktionskort utf\u00e4rdade av SGF, VGF, PGA, GAF och SGA&nbsp; inte g\u00e4ller vid t\u00e4vling.<\/p>\n<p><\/p>\t\t\t\t\t\t<\/div>\n\t\t\t\t<\/div>\n\t\t\t\t\t<\/div>\n\t\t<\/div>\n\t\t\t\t<div class=\"elementor-column elementor-col-50 elementor-top-column elementor-element elementor-element-4ac70907\" data-id=\"4ac70907\" data-element_type=\"column\">\n\t\t\t<div class=\"elementor-widget-wrap elementor-element-populated\">\n\t\t\t\t\t\t<div class=\"elementor-element elementor-element-7898ebd9 elementor-widget elementor-widget-image\" data-id=\"7898ebd9\" data-element_type=\"widget\" data-widget_type=\"image.default\">\n\t\t\t\t<div class=\"elementor-widget-container\">\n\t\t\t<style>\/*! elementor - v3.21.0 - 30-04-2024 *\/\n.elementor-widget-image{text-align:center}.elementor-widget-image a{display:inline-block}.elementor-widget-image a img[src$=\".svg\"]{width:48px}.elementor-widget-image img{vertical-align:middle;display:inline-block}<\/style>\t\t\t\t\t\t\t\t\t\t<img fetchpriority=\"high\" decoding=\"async\" width=\"816\" height=\"1022\" src=\"http:\/\/vara-bjertorpgk.se\/wp-content\/uploads\/2022\/06\/Bild-mot-ettan-red.jpg\" class=\"attachment-large size-large wp-image-1561\" alt=\"\" srcset=\"http:\/\/vara-bjertorpgk.se\/wp-content\/uploads\/2022\/06\/Bild-mot-ettan-red.jpg 816w, http:\/\/vara-bjertorpgk.se\/wp-content\/uploads\/2022\/06\/Bild-mot-ettan-red-240x300.jpg 240w, http:\/\/vara-bjertorpgk.se\/wp-content\/uploads\/2022\/06\/Bild-mot-ettan-red-768x962.jpg 768w\" sizes=\"(max-width: 816px) 100vw, 816px\" \/>\t\t\t\t\t\t\t\t\t\t\t\t\t<\/div>\n\t\t\t\t<\/div>\n\t\t\t\t\t<\/div>\n\t\t<\/div>\n\t\t\t\t\t<\/div>\n\t\t<\/section>\n\t\t\t\t<\/div>\n\t\t","protected":false},"excerpt":{"rendered":"<p>t\u00e4vlingsgreenfee G\u00e4ller vid lottade klubbt\u00e4vlingar om inget annat anges i villkoren f\u00f6r t\u00e4vlingen. 250 kr senior100 kr junior, till och med 18 \u00e5r. Skaraborgsgolfaren150 kr vardag175 kr helg Observera att introduktionskort utf\u00e4rdade av SGF, VGF, PGA, GAF och SGA&nbsp; inte g\u00e4ller vid t\u00e4vling.<\/p>\n","protected":false},"author":1,"featured_media":0,"parent":0,"menu_order":0,"comment_status":"closed","ping_status":"closed","template":"","meta":{"site-sidebar-layout":"no-sidebar","site-content-layout":"page-builder","ast-main-header-display":"","ast-hfb-above-header-display":"","ast-hfb-below-header-display":"","ast-hfb-mobile-header-display":"","site-post-title":"disabled","ast-breadcrumbs-content":"","ast-featured-img":"disabled","footer-sml-layout":"","theme-transparent-header-meta":"","adv-header-id-meta":"","stick-header-meta":"","header-above-stick-meta":"","header-main-stick-meta":"","header-below-stick-meta":"","footnotes":""},"class_list":["post-1547","page","type-page","status-publish","hentry"],"_links":{"self":[{"href":"http:\/\/vara-bjertorpgk.se\/index.php?rest_route=\/wp\/v2\/pages\/1547","targetHints":{"allow":["GET"]}}],"collection":[{"href":"http:\/\/vara-bjertorpgk.se\/index.php?rest_route=\/wp\/v2\/pages"}],"about":[{"href":"http:\/\/vara-bjertorpgk.se\/index.php?rest_route=\/wp\/v2\/types\/page"}],"author":[{"embeddable":true,"href":"http:\/\/vara-bjertorpgk.se\/index.php?rest_route=\/wp\/v2\/users\/1"}],"replies":[{"embeddable":true,"href":"http:\/\/vara-bjertorpgk.se\/index.php?rest_route=%2Fwp%2Fv2%2Fcomments&post=1547"}],"version-history":[{"count":49,"href":"http:\/\/vara-bjertorpgk.se\/index.php?rest_route=\/wp\/v2\/pages\/1547\/revisions"}],"predecessor-version":[{"id":9487,"href":"http:\/\/vara-bjertorpgk.se\/index.php?rest_route=\/wp\/v2\/pages\/1547\/revisions\/9487"}],"wp:attachment":[{"href":"http:\/\/vara-bjertorpgk.se\/index.php?rest_route=%2Fwp%2Fv2%2Fmedia&parent=1547"}],"curies":[{"name":"wp","href":"https:\/\/api.w.org\/{rel}","templated":true}]}}