{"id":1470,"date":"2022-06-20T12:13:20","date_gmt":"2022-06-20T10:13:20","guid":{"rendered":"https:\/\/vara-bjertorpgk.se\/?page_id=1470"},"modified":"2026-03-17T14:08:26","modified_gmt":"2026-03-17T13:08:26","slug":"styrelsen","status":"publish","type":"page","link":"http:\/\/vara-bjertorpgk.se\/?page_id=1470","title":{"rendered":"Styrelsen"},"content":{"rendered":"\t\t<div data-elementor-type=\"wp-page\" data-elementor-id=\"1470\" class=\"elementor elementor-1470\">\n\t\t\t\t\t\t<section class=\"elementor-section elementor-top-section elementor-element elementor-element-86824b1 elementor-section-height-min-height elementor-section-boxed elementor-section-height-default elementor-section-items-middle\" data-id=\"86824b1\" data-element_type=\"section\" data-settings=\"{&quot;background_background&quot;:&quot;classic&quot;}\">\n\t\t\t\t\t\t\t<div class=\"elementor-background-overlay\"><\/div>\n\t\t\t\t\t\t\t<div class=\"elementor-container elementor-column-gap-default\">\n\t\t\t\t\t<div class=\"elementor-column elementor-col-100 elementor-top-column elementor-element elementor-element-54197f1\" data-id=\"54197f1\" data-element_type=\"column\">\n\t\t\t<div class=\"elementor-widget-wrap elementor-element-populated\">\n\t\t\t\t\t\t<div class=\"elementor-element elementor-element-d5ea2df elementor-position-top elementor-widget elementor-widget-image-box\" data-id=\"d5ea2df\" data-element_type=\"widget\" data-widget_type=\"image-box.default\">\n\t\t\t\t<div class=\"elementor-widget-container\">\n\t\t\t<style>\/*! elementor - v3.21.0 - 30-04-2024 *\/\n.elementor-widget-image-box .elementor-image-box-content{width:100%}@media (min-width:768px){.elementor-widget-image-box.elementor-position-left .elementor-image-box-wrapper,.elementor-widget-image-box.elementor-position-right .elementor-image-box-wrapper{display:flex}.elementor-widget-image-box.elementor-position-right .elementor-image-box-wrapper{text-align:end;flex-direction:row-reverse}.elementor-widget-image-box.elementor-position-left .elementor-image-box-wrapper{text-align:start;flex-direction:row}.elementor-widget-image-box.elementor-position-top .elementor-image-box-img{margin:auto}.elementor-widget-image-box.elementor-vertical-align-top .elementor-image-box-wrapper{align-items:flex-start}.elementor-widget-image-box.elementor-vertical-align-middle .elementor-image-box-wrapper{align-items:center}.elementor-widget-image-box.elementor-vertical-align-bottom .elementor-image-box-wrapper{align-items:flex-end}}@media (max-width:767px){.elementor-widget-image-box .elementor-image-box-img{margin-left:auto!important;margin-right:auto!important;margin-bottom:15px}}.elementor-widget-image-box .elementor-image-box-img{display:inline-block}.elementor-widget-image-box .elementor-image-box-title a{color:inherit}.elementor-widget-image-box .elementor-image-box-wrapper{text-align:center}.elementor-widget-image-box .elementor-image-box-description{margin:0}<\/style><div class=\"elementor-image-box-wrapper\"><figure class=\"elementor-image-box-img\"><a href=\"https:\/\/vara-bjertorpgk.se\/\" tabindex=\"-1\"><img fetchpriority=\"high\" decoding=\"async\" width=\"2000\" height=\"1894\" src=\"http:\/\/vara-bjertorpgk.se\/wp-content\/uploads\/2026\/02\/VBGK_logotyp_white_noring.png\" class=\"attachment-full size-full wp-image-9164\" alt=\"\" srcset=\"http:\/\/vara-bjertorpgk.se\/wp-content\/uploads\/2026\/02\/VBGK_logotyp_white_noring.png 2000w, http:\/\/vara-bjertorpgk.se\/wp-content\/uploads\/2026\/02\/VBGK_logotyp_white_noring-300x284.png 300w, http:\/\/vara-bjertorpgk.se\/wp-content\/uploads\/2026\/02\/VBGK_logotyp_white_noring-1024x970.png 1024w, http:\/\/vara-bjertorpgk.se\/wp-content\/uploads\/2026\/02\/VBGK_logotyp_white_noring-768x727.png 768w, http:\/\/vara-bjertorpgk.se\/wp-content\/uploads\/2026\/02\/VBGK_logotyp_white_noring-1536x1455.png 1536w\" sizes=\"(max-width: 2000px) 100vw, 2000px\" \/><\/a><\/figure><div class=\"elementor-image-box-content\"><h1 class=\"elementor-image-box-title\"><a href=\"https:\/\/vara-bjertorpgk.se\/\">Styrelse<\/a><\/h1><\/div><\/div>\t\t<\/div>\n\t\t\t\t<\/div>\n\t\t\t\t\t<\/div>\n\t\t<\/div>\n\t\t\t\t\t<\/div>\n\t\t<\/section>\n\t\t\t\t<section class=\"elementor-section elementor-top-section elementor-element elementor-element-5a0192c elementor-section-boxed elementor-section-height-default elementor-section-height-default\" data-id=\"5a0192c\" data-element_type=\"section\">\n\t\t\t\t\t\t<div class=\"elementor-container elementor-column-gap-default\">\n\t\t\t\t\t<div class=\"elementor-column elementor-col-100 elementor-top-column elementor-element elementor-element-84ceb0b\" data-id=\"84ceb0b\" data-element_type=\"column\">\n\t\t\t<div class=\"elementor-widget-wrap elementor-element-populated\">\n\t\t\t\t\t\t<div class=\"elementor-element elementor-element-d7a21c6 elementor-widget elementor-widget-heading\" data-id=\"d7a21c6\" data-element_type=\"widget\" data-widget_type=\"heading.default\">\n\t\t\t\t<div class=\"elementor-widget-container\">\n\t\t\t<style>\/*! elementor - v3.21.0 - 30-04-2024 *\/\n.elementor-heading-title{padding:0;margin:0;line-height:1}.elementor-widget-heading .elementor-heading-title[class*=elementor-size-]>a{color:inherit;font-size:inherit;line-height:inherit}.elementor-widget-heading .elementor-heading-title.elementor-size-small{font-size:15px}.elementor-widget-heading .elementor-heading-title.elementor-size-medium{font-size:19px}.elementor-widget-heading .elementor-heading-title.elementor-size-large{font-size:29px}.elementor-widget-heading .elementor-heading-title.elementor-size-xl{font-size:39px}.elementor-widget-heading .elementor-heading-title.elementor-size-xxl{font-size:59px}<\/style><h2 class=\"elementor-heading-title elementor-size-default\">Styrelsen 2025-2026<\/h2>\t\t<\/div>\n\t\t\t\t<\/div>\n\t\t\t\t\t<\/div>\n\t\t<\/div>\n\t\t\t\t\t<\/div>\n\t\t<\/section>\n\t\t\t\t<section class=\"elementor-section elementor-top-section elementor-element elementor-element-35b0f82 elementor-section-boxed elementor-section-height-default elementor-section-height-default\" data-id=\"35b0f82\" data-element_type=\"section\">\n\t\t\t\t\t\t<div class=\"elementor-container elementor-column-gap-default\">\n\t\t\t\t\t<div class=\"elementor-column elementor-col-25 elementor-top-column elementor-element elementor-element-9a6e329\" data-id=\"9a6e329\" data-element_type=\"column\">\n\t\t\t<div class=\"elementor-widget-wrap elementor-element-populated\">\n\t\t\t\t\t\t<div class=\"elementor-element elementor-element-986ddc5 elementor-widget elementor-widget-image\" data-id=\"986ddc5\" data-element_type=\"widget\" data-widget_type=\"image.default\">\n\t\t\t\t<div class=\"elementor-widget-container\">\n\t\t\t<style>\/*! elementor - v3.21.0 - 30-04-2024 *\/\n.elementor-widget-image{text-align:center}.elementor-widget-image a{display:inline-block}.elementor-widget-image a img[src$=\".svg\"]{width:48px}.elementor-widget-image img{vertical-align:middle;display:inline-block}<\/style>\t\t\t\t\t\t\t\t\t\t<img decoding=\"async\" width=\"768\" height=\"1024\" src=\"http:\/\/vara-bjertorpgk.se\/wp-content\/uploads\/2026\/03\/P-O-768x1024.jpg\" class=\"attachment-large size-large wp-image-9222\" alt=\"\" srcset=\"http:\/\/vara-bjertorpgk.se\/wp-content\/uploads\/2026\/03\/P-O-768x1024.jpg 768w, http:\/\/vara-bjertorpgk.se\/wp-content\/uploads\/2026\/03\/P-O-225x300.jpg 225w, http:\/\/vara-bjertorpgk.se\/wp-content\/uploads\/2026\/03\/P-O-1152x1536.jpg 1152w, http:\/\/vara-bjertorpgk.se\/wp-content\/uploads\/2026\/03\/P-O-1536x2048.jpg 1536w, http:\/\/vara-bjertorpgk.se\/wp-content\/uploads\/2026\/03\/P-O-scaled.jpg 1920w\" sizes=\"(max-width: 768px) 100vw, 768px\" \/>\t\t\t\t\t\t\t\t\t\t\t\t\t<\/div>\n\t\t\t\t<\/div>\n\t\t\t\t<div class=\"elementor-element elementor-element-75b5315 elementor-widget elementor-widget-heading\" data-id=\"75b5315\" data-element_type=\"widget\" data-widget_type=\"heading.default\">\n\t\t\t\t<div class=\"elementor-widget-container\">\n\t\t\t<h3 class=\"elementor-heading-title elementor-size-default\">Per-Olof Jakobsson<\/h3>\t\t<\/div>\n\t\t\t\t<\/div>\n\t\t\t\t<div class=\"elementor-element elementor-element-59c92fb elementor-widget elementor-widget-heading\" data-id=\"59c92fb\" data-element_type=\"widget\" data-widget_type=\"heading.default\">\n\t\t\t\t<div class=\"elementor-widget-container\">\n\t\t\t<p class=\"elementor-heading-title elementor-size-default\">Ordf\u00f6rande <br\/>\n070-559 24 55<\/p>\t\t<\/div>\n\t\t\t\t<\/div>\n\t\t\t\t\t<\/div>\n\t\t<\/div>\n\t\t\t\t<div class=\"elementor-column elementor-col-25 elementor-top-column elementor-element elementor-element-918ceda\" data-id=\"918ceda\" data-element_type=\"column\">\n\t\t\t<div class=\"elementor-widget-wrap elementor-element-populated\">\n\t\t\t\t\t\t<div class=\"elementor-element elementor-element-9914ff2 elementor-widget elementor-widget-image\" data-id=\"9914ff2\" data-element_type=\"widget\" data-widget_type=\"image.default\">\n\t\t\t\t<div class=\"elementor-widget-container\">\n\t\t\t\t\t\t\t\t\t\t\t\t\t<img decoding=\"async\" width=\"768\" height=\"1024\" src=\"http:\/\/vara-bjertorpgk.se\/wp-content\/uploads\/2026\/03\/Gunnel-768x1024.jpg\" class=\"attachment-large size-large wp-image-9226\" alt=\"\" srcset=\"http:\/\/vara-bjertorpgk.se\/wp-content\/uploads\/2026\/03\/Gunnel-768x1024.jpg 768w, http:\/\/vara-bjertorpgk.se\/wp-content\/uploads\/2026\/03\/Gunnel-225x300.jpg 225w, http:\/\/vara-bjertorpgk.se\/wp-content\/uploads\/2026\/03\/Gunnel-1152x1536.jpg 1152w, http:\/\/vara-bjertorpgk.se\/wp-content\/uploads\/2026\/03\/Gunnel-1536x2048.jpg 1536w, http:\/\/vara-bjertorpgk.se\/wp-content\/uploads\/2026\/03\/Gunnel-scaled.jpg 1920w\" sizes=\"(max-width: 768px) 100vw, 768px\" \/>\t\t\t\t\t\t\t\t\t\t\t\t\t<\/div>\n\t\t\t\t<\/div>\n\t\t\t\t<div class=\"elementor-element elementor-element-5b62e71 elementor-widget elementor-widget-heading\" data-id=\"5b62e71\" data-element_type=\"widget\" data-widget_type=\"heading.default\">\n\t\t\t\t<div class=\"elementor-widget-container\">\n\t\t\t<h3 class=\"elementor-heading-title elementor-size-default\">Gunnel Svensson\n<\/h3>\t\t<\/div>\n\t\t\t\t<\/div>\n\t\t\t\t<div class=\"elementor-element elementor-element-2971025 elementor-widget elementor-widget-heading\" data-id=\"2971025\" data-element_type=\"widget\" data-widget_type=\"heading.default\">\n\t\t\t\t<div class=\"elementor-widget-container\">\n\t\t\t<p class=\"elementor-heading-title elementor-size-default\">Vice Ordf\u00f6rande <br\/>\nSt\u00e4llplatser\/medlemsfr\u00e5gor<\/p>\t\t<\/div>\n\t\t\t\t<\/div>\n\t\t\t\t\t<\/div>\n\t\t<\/div>\n\t\t\t\t<div class=\"elementor-column elementor-col-25 elementor-top-column elementor-element elementor-element-ea982de\" data-id=\"ea982de\" data-element_type=\"column\">\n\t\t\t<div class=\"elementor-widget-wrap elementor-element-populated\">\n\t\t\t\t\t\t<div class=\"elementor-element elementor-element-5b50df0 elementor-widget elementor-widget-image\" data-id=\"5b50df0\" data-element_type=\"widget\" data-widget_type=\"image.default\">\n\t\t\t\t<div class=\"elementor-widget-container\">\n\t\t\t\t\t\t\t\t\t\t\t\t\t<img loading=\"lazy\" decoding=\"async\" width=\"768\" height=\"1024\" src=\"http:\/\/vara-bjertorpgk.se\/wp-content\/uploads\/2026\/03\/Lars-768x1024.jpg\" class=\"attachment-large size-large wp-image-9224\" alt=\"\" srcset=\"http:\/\/vara-bjertorpgk.se\/wp-content\/uploads\/2026\/03\/Lars-768x1024.jpg 768w, http:\/\/vara-bjertorpgk.se\/wp-content\/uploads\/2026\/03\/Lars-225x300.jpg 225w, http:\/\/vara-bjertorpgk.se\/wp-content\/uploads\/2026\/03\/Lars-1152x1536.jpg 1152w, http:\/\/vara-bjertorpgk.se\/wp-content\/uploads\/2026\/03\/Lars-1536x2048.jpg 1536w, http:\/\/vara-bjertorpgk.se\/wp-content\/uploads\/2026\/03\/Lars-scaled.jpg 1920w\" sizes=\"(max-width: 768px) 100vw, 768px\" \/>\t\t\t\t\t\t\t\t\t\t\t\t\t<\/div>\n\t\t\t\t<\/div>\n\t\t\t\t<div class=\"elementor-element elementor-element-51d8ca4 elementor-widget elementor-widget-heading\" data-id=\"51d8ca4\" data-element_type=\"widget\" data-widget_type=\"heading.default\">\n\t\t\t\t<div class=\"elementor-widget-container\">\n\t\t\t<h3 class=\"elementor-heading-title elementor-size-default\">Lars Lundmark<\/h3>\t\t<\/div>\n\t\t\t\t<\/div>\n\t\t\t\t<div class=\"elementor-element elementor-element-c55451a elementor-widget elementor-widget-heading\" data-id=\"c55451a\" data-element_type=\"widget\" data-widget_type=\"heading.default\">\n\t\t\t\t<div class=\"elementor-widget-container\">\n\t\t\t<p class=\"elementor-heading-title elementor-size-default\">Fastighetsansvarig<\/p>\t\t<\/div>\n\t\t\t\t<\/div>\n\t\t\t\t\t<\/div>\n\t\t<\/div>\n\t\t\t\t<div class=\"elementor-column elementor-col-25 elementor-top-column elementor-element elementor-element-4d556a1\" data-id=\"4d556a1\" data-element_type=\"column\">\n\t\t\t<div class=\"elementor-widget-wrap elementor-element-populated\">\n\t\t\t\t\t\t<div class=\"elementor-element elementor-element-7a15ae8 elementor-widget elementor-widget-image\" data-id=\"7a15ae8\" data-element_type=\"widget\" data-widget_type=\"image.default\">\n\t\t\t\t<div class=\"elementor-widget-container\">\n\t\t\t\t\t\t\t\t\t\t\t\t\t<img loading=\"lazy\" decoding=\"async\" width=\"768\" height=\"1024\" src=\"http:\/\/vara-bjertorpgk.se\/wp-content\/uploads\/2026\/03\/Kath-768x1024.jpg\" class=\"attachment-large size-large wp-image-9225\" alt=\"\" srcset=\"http:\/\/vara-bjertorpgk.se\/wp-content\/uploads\/2026\/03\/Kath-768x1024.jpg 768w, http:\/\/vara-bjertorpgk.se\/wp-content\/uploads\/2026\/03\/Kath-225x300.jpg 225w, http:\/\/vara-bjertorpgk.se\/wp-content\/uploads\/2026\/03\/Kath-1152x1536.jpg 1152w, http:\/\/vara-bjertorpgk.se\/wp-content\/uploads\/2026\/03\/Kath-1536x2048.jpg 1536w, http:\/\/vara-bjertorpgk.se\/wp-content\/uploads\/2026\/03\/Kath-scaled.jpg 1920w\" sizes=\"(max-width: 768px) 100vw, 768px\" \/>\t\t\t\t\t\t\t\t\t\t\t\t\t<\/div>\n\t\t\t\t<\/div>\n\t\t\t\t<div class=\"elementor-element elementor-element-f9b6bc8 elementor-widget elementor-widget-heading\" data-id=\"f9b6bc8\" data-element_type=\"widget\" data-widget_type=\"heading.default\">\n\t\t\t\t<div class=\"elementor-widget-container\">\n\t\t\t<h3 class=\"elementor-heading-title elementor-size-default\">K\u00e4th Birgetz\n<\/h3>\t\t<\/div>\n\t\t\t\t<\/div>\n\t\t\t\t<div class=\"elementor-element elementor-element-f30ca76 elementor-widget elementor-widget-heading\" data-id=\"f30ca76\" data-element_type=\"widget\" data-widget_type=\"heading.default\">\n\t\t\t\t<div class=\"elementor-widget-container\">\n\t\t\t<p class=\"elementor-heading-title elementor-size-default\">Ekonomi\n<\/p>\t\t<\/div>\n\t\t\t\t<\/div>\n\t\t\t\t\t<\/div>\n\t\t<\/div>\n\t\t\t\t\t<\/div>\n\t\t<\/section>\n\t\t\t\t<section class=\"elementor-section elementor-top-section elementor-element elementor-element-59d96a3 elementor-section-boxed elementor-section-height-default elementor-section-height-default\" data-id=\"59d96a3\" data-element_type=\"section\">\n\t\t\t\t\t\t<div class=\"elementor-container elementor-column-gap-default\">\n\t\t\t\t\t<div class=\"elementor-column elementor-col-25 elementor-top-column elementor-element elementor-element-4dd1c63\" data-id=\"4dd1c63\" data-element_type=\"column\">\n\t\t\t<div class=\"elementor-widget-wrap elementor-element-populated\">\n\t\t\t\t\t\t<div class=\"elementor-element elementor-element-00678ab elementor-widget elementor-widget-image\" data-id=\"00678ab\" data-element_type=\"widget\" data-widget_type=\"image.default\">\n\t\t\t\t<div class=\"elementor-widget-container\">\n\t\t\t\t\t\t\t\t\t\t\t\t\t<img loading=\"lazy\" decoding=\"async\" width=\"768\" height=\"1024\" src=\"http:\/\/vara-bjertorpgk.se\/wp-content\/uploads\/2026\/03\/Sara-768x1024.jpg\" class=\"attachment-large size-large wp-image-9227\" alt=\"\" srcset=\"http:\/\/vara-bjertorpgk.se\/wp-content\/uploads\/2026\/03\/Sara-768x1024.jpg 768w, http:\/\/vara-bjertorpgk.se\/wp-content\/uploads\/2026\/03\/Sara-225x300.jpg 225w, http:\/\/vara-bjertorpgk.se\/wp-content\/uploads\/2026\/03\/Sara-1152x1536.jpg 1152w, http:\/\/vara-bjertorpgk.se\/wp-content\/uploads\/2026\/03\/Sara-1536x2048.jpg 1536w, http:\/\/vara-bjertorpgk.se\/wp-content\/uploads\/2026\/03\/Sara-scaled.jpg 1920w\" sizes=\"(max-width: 768px) 100vw, 768px\" \/>\t\t\t\t\t\t\t\t\t\t\t\t\t<\/div>\n\t\t\t\t<\/div>\n\t\t\t\t<div class=\"elementor-element elementor-element-dbbb97a elementor-widget elementor-widget-heading\" data-id=\"dbbb97a\" data-element_type=\"widget\" data-widget_type=\"heading.default\">\n\t\t\t\t<div class=\"elementor-widget-container\">\n\t\t\t<h3 class=\"elementor-heading-title elementor-size-default\">Sofia Gustavsson<\/h3>\t\t<\/div>\n\t\t\t\t<\/div>\n\t\t\t\t<div class=\"elementor-element elementor-element-f4bf51e elementor-widget elementor-widget-heading\" data-id=\"f4bf51e\" data-element_type=\"widget\" data-widget_type=\"heading.default\">\n\t\t\t\t<div class=\"elementor-widget-container\">\n\t\t\t<p class=\"elementor-heading-title elementor-size-default\">T\u00e4vling\/shop<\/p>\t\t<\/div>\n\t\t\t\t<\/div>\n\t\t\t\t\t<\/div>\n\t\t<\/div>\n\t\t\t\t<div class=\"elementor-column elementor-col-25 elementor-top-column elementor-element elementor-element-7d5c4ec\" data-id=\"7d5c4ec\" data-element_type=\"column\">\n\t\t\t<div class=\"elementor-widget-wrap elementor-element-populated\">\n\t\t\t\t\t\t<div class=\"elementor-element elementor-element-73dee3d elementor-widget elementor-widget-image\" data-id=\"73dee3d\" data-element_type=\"widget\" data-widget_type=\"image.default\">\n\t\t\t\t<div class=\"elementor-widget-container\">\n\t\t\t\t\t\t\t\t\t\t\t\t\t<img loading=\"lazy\" decoding=\"async\" width=\"768\" height=\"1024\" src=\"http:\/\/vara-bjertorpgk.se\/wp-content\/uploads\/2026\/03\/LarsEgon-768x1024.jpg\" class=\"attachment-large size-large wp-image-9228\" alt=\"\" srcset=\"http:\/\/vara-bjertorpgk.se\/wp-content\/uploads\/2026\/03\/LarsEgon-768x1024.jpg 768w, http:\/\/vara-bjertorpgk.se\/wp-content\/uploads\/2026\/03\/LarsEgon-225x300.jpg 225w, http:\/\/vara-bjertorpgk.se\/wp-content\/uploads\/2026\/03\/LarsEgon-1152x1536.jpg 1152w, http:\/\/vara-bjertorpgk.se\/wp-content\/uploads\/2026\/03\/LarsEgon-1536x2048.jpg 1536w, http:\/\/vara-bjertorpgk.se\/wp-content\/uploads\/2026\/03\/LarsEgon-scaled.jpg 1920w\" sizes=\"(max-width: 768px) 100vw, 768px\" \/>\t\t\t\t\t\t\t\t\t\t\t\t\t<\/div>\n\t\t\t\t<\/div>\n\t\t\t\t<div class=\"elementor-element elementor-element-ebfb9fe elementor-widget elementor-widget-heading\" data-id=\"ebfb9fe\" data-element_type=\"widget\" data-widget_type=\"heading.default\">\n\t\t\t\t<div class=\"elementor-widget-container\">\n\t\t\t<h3 class=\"elementor-heading-title elementor-size-default\">Lars Egonsson<\/h3>\t\t<\/div>\n\t\t\t\t<\/div>\n\t\t\t\t<div class=\"elementor-element elementor-element-cd5a5da elementor-widget elementor-widget-heading\" data-id=\"cd5a5da\" data-element_type=\"widget\" data-widget_type=\"heading.default\">\n\t\t\t\t<div class=\"elementor-widget-container\">\n\t\t\t<p class=\"elementor-heading-title elementor-size-default\">Marknad\/restaurang<\/p>\t\t<\/div>\n\t\t\t\t<\/div>\n\t\t\t\t\t<\/div>\n\t\t<\/div>\n\t\t\t\t<div class=\"elementor-column elementor-col-25 elementor-top-column elementor-element elementor-element-d85fe1e\" data-id=\"d85fe1e\" data-element_type=\"column\">\n\t\t\t<div class=\"elementor-widget-wrap elementor-element-populated\">\n\t\t\t\t\t\t<div class=\"elementor-element elementor-element-4a615e8 elementor-widget elementor-widget-image\" data-id=\"4a615e8\" data-element_type=\"widget\" data-widget_type=\"image.default\">\n\t\t\t\t<div class=\"elementor-widget-container\">\n\t\t\t\t\t\t\t\t\t\t\t\t\t<img loading=\"lazy\" decoding=\"async\" width=\"768\" height=\"1024\" src=\"http:\/\/vara-bjertorpgk.se\/wp-content\/uploads\/2026\/03\/Karl-768x1024.jpg\" class=\"attachment-large size-large wp-image-9229\" alt=\"\" srcset=\"http:\/\/vara-bjertorpgk.se\/wp-content\/uploads\/2026\/03\/Karl-768x1024.jpg 768w, http:\/\/vara-bjertorpgk.se\/wp-content\/uploads\/2026\/03\/Karl-225x300.jpg 225w, http:\/\/vara-bjertorpgk.se\/wp-content\/uploads\/2026\/03\/Karl-1152x1536.jpg 1152w, http:\/\/vara-bjertorpgk.se\/wp-content\/uploads\/2026\/03\/Karl-1536x2048.jpg 1536w, http:\/\/vara-bjertorpgk.se\/wp-content\/uploads\/2026\/03\/Karl-scaled.jpg 1920w\" sizes=\"(max-width: 768px) 100vw, 768px\" \/>\t\t\t\t\t\t\t\t\t\t\t\t\t<\/div>\n\t\t\t\t<\/div>\n\t\t\t\t<div class=\"elementor-element elementor-element-d4cd16c elementor-widget elementor-widget-heading\" data-id=\"d4cd16c\" data-element_type=\"widget\" data-widget_type=\"heading.default\">\n\t\t\t\t<div class=\"elementor-widget-container\">\n\t\t\t<h3 class=\"elementor-heading-title elementor-size-default\">Karl Elfstrand<\/h3>\t\t<\/div>\n\t\t\t\t<\/div>\n\t\t\t\t<div class=\"elementor-element elementor-element-47b21b8 elementor-widget elementor-widget-heading\" data-id=\"47b21b8\" data-element_type=\"widget\" data-widget_type=\"heading.default\">\n\t\t\t\t<div class=\"elementor-widget-container\">\n\t\t\t<p class=\"elementor-heading-title elementor-size-default\">Suppleant<\/p>\t\t<\/div>\n\t\t\t\t<\/div>\n\t\t\t\t\t<\/div>\n\t\t<\/div>\n\t\t\t\t<div class=\"elementor-column elementor-col-25 elementor-top-column elementor-element elementor-element-cb29d87\" data-id=\"cb29d87\" data-element_type=\"column\">\n\t\t\t<div class=\"elementor-widget-wrap elementor-element-populated\">\n\t\t\t\t\t\t<div class=\"elementor-element elementor-element-8e84480 elementor-widget elementor-widget-image\" data-id=\"8e84480\" data-element_type=\"widget\" data-widget_type=\"image.default\">\n\t\t\t\t<div class=\"elementor-widget-container\">\n\t\t\t\t\t\t\t\t\t\t\t\t\t<img loading=\"lazy\" decoding=\"async\" width=\"768\" height=\"1024\" src=\"http:\/\/vara-bjertorpgk.se\/wp-content\/uploads\/2026\/03\/Andreas-768x1024.jpg\" class=\"attachment-large size-large wp-image-9230\" alt=\"\" srcset=\"http:\/\/vara-bjertorpgk.se\/wp-content\/uploads\/2026\/03\/Andreas-768x1024.jpg 768w, http:\/\/vara-bjertorpgk.se\/wp-content\/uploads\/2026\/03\/Andreas-225x300.jpg 225w, http:\/\/vara-bjertorpgk.se\/wp-content\/uploads\/2026\/03\/Andreas-1152x1536.jpg 1152w, http:\/\/vara-bjertorpgk.se\/wp-content\/uploads\/2026\/03\/Andreas-1536x2048.jpg 1536w, http:\/\/vara-bjertorpgk.se\/wp-content\/uploads\/2026\/03\/Andreas-scaled.jpg 1920w\" sizes=\"(max-width: 768px) 100vw, 768px\" \/>\t\t\t\t\t\t\t\t\t\t\t\t\t<\/div>\n\t\t\t\t<\/div>\n\t\t\t\t<div class=\"elementor-element elementor-element-e7026bc elementor-widget elementor-widget-heading\" data-id=\"e7026bc\" data-element_type=\"widget\" data-widget_type=\"heading.default\">\n\t\t\t\t<div class=\"elementor-widget-container\">\n\t\t\t<h3 class=\"elementor-heading-title elementor-size-default\">Andreas Jeraeus<\/h3>\t\t<\/div>\n\t\t\t\t<\/div>\n\t\t\t\t<div class=\"elementor-element elementor-element-2d5374e elementor-widget elementor-widget-heading\" data-id=\"2d5374e\" data-element_type=\"widget\" data-widget_type=\"heading.default\">\n\t\t\t\t<div class=\"elementor-widget-container\">\n\t\t\t<p class=\"elementor-heading-title elementor-size-default\">Banfr\u00e5gor\/studio<\/p>\t\t<\/div>\n\t\t\t\t<\/div>\n\t\t\t\t\t<\/div>\n\t\t<\/div>\n\t\t\t\t\t<\/div>\n\t\t<\/section>\n\t\t\t\t<\/div>\n\t\t","protected":false},"excerpt":{"rendered":"<p>Styrelse Styrelsen 2025-2026 Per-Olof Jakobsson Ordf\u00f6rande 070-559 24 55 Gunnel Svensson Vice Ordf\u00f6rande St\u00e4llplatser\/medlemsfr\u00e5gor Lars Lundmark Fastighetsansvarig K\u00e4th Birgetz Ekonomi Sofia Gustavsson T\u00e4vling\/shop Lars Egonsson Marknad\/restaurang Karl Elfstrand Suppleant Andreas Jeraeus Banfr\u00e5gor\/studio<\/p>\n","protected":false},"author":1,"featured_media":0,"parent":0,"menu_order":0,"comment_status":"closed","ping_status":"closed","template":"","meta":{"site-sidebar-layout":"no-sidebar","site-content-layout":"page-builder","ast-main-header-display":"","ast-hfb-above-header-display":"","ast-hfb-below-header-display":"","ast-hfb-mobile-header-display":"","site-post-title":"disabled","ast-breadcrumbs-content":"","ast-featured-img":"disabled","footer-sml-layout":"","theme-transparent-header-meta":"","adv-header-id-meta":"","stick-header-meta":"","header-above-stick-meta":"","header-main-stick-meta":"","header-below-stick-meta":"","footnotes":""},"class_list":["post-1470","page","type-page","status-publish","hentry"],"_links":{"self":[{"href":"http:\/\/vara-bjertorpgk.se\/index.php?rest_route=\/wp\/v2\/pages\/1470","targetHints":{"allow":["GET"]}}],"collection":[{"href":"http:\/\/vara-bjertorpgk.se\/index.php?rest_route=\/wp\/v2\/pages"}],"about":[{"href":"http:\/\/vara-bjertorpgk.se\/index.php?rest_route=\/wp\/v2\/types\/page"}],"author":[{"embeddable":true,"href":"http:\/\/vara-bjertorpgk.se\/index.php?rest_route=\/wp\/v2\/users\/1"}],"replies":[{"embeddable":true,"href":"http:\/\/vara-bjertorpgk.se\/index.php?rest_route=%2Fwp%2Fv2%2Fcomments&post=1470"}],"version-history":[{"count":70,"href":"http:\/\/vara-bjertorpgk.se\/index.php?rest_route=\/wp\/v2\/pages\/1470\/revisions"}],"predecessor-version":[{"id":9482,"href":"http:\/\/vara-bjertorpgk.se\/index.php?rest_route=\/wp\/v2\/pages\/1470\/revisions\/9482"}],"wp:attachment":[{"href":"http:\/\/vara-bjertorpgk.se\/index.php?rest_route=%2Fwp%2Fv2%2Fmedia&parent=1470"}],"curies":[{"name":"wp","href":"https:\/\/api.w.org\/{rel}","templated":true}]}}