{"id":1413,"date":"2022-06-20T09:22:59","date_gmt":"2022-06-20T07:22:59","guid":{"rendered":"https:\/\/vara-bjertorpgk.se\/?page_id=1413"},"modified":"2025-06-23T12:14:24","modified_gmt":"2025-06-23T10:14:24","slug":"klubben","status":"publish","type":"page","link":"http:\/\/vara-bjertorpgk.se\/?page_id=1413","title":{"rendered":"Klubben"},"content":{"rendered":"\t\t<div data-elementor-type=\"wp-page\" data-elementor-id=\"1413\" class=\"elementor elementor-1413\">\n\t\t\t\t\t\t<section class=\"elementor-section elementor-top-section elementor-element elementor-element-690b821b elementor-section-boxed elementor-section-height-default elementor-section-height-default\" data-id=\"690b821b\" data-element_type=\"section\" data-settings=\"{&quot;background_background&quot;:&quot;classic&quot;}\">\n\t\t\t\t\t\t\t<div class=\"elementor-background-overlay\"><\/div>\n\t\t\t\t\t\t\t<div class=\"elementor-container elementor-column-gap-default\">\n\t\t\t\t\t<div class=\"elementor-column elementor-col-100 elementor-top-column elementor-element elementor-element-87938f1\" data-id=\"87938f1\" data-element_type=\"column\">\n\t\t\t<div class=\"elementor-widget-wrap\">\n\t\t\t\t\t\t\t<\/div>\n\t\t<\/div>\n\t\t\t\t\t<\/div>\n\t\t<\/section>\n\t\t\t\t<section class=\"elementor-section elementor-top-section elementor-element elementor-element-1527ef5 elementor-section-boxed elementor-section-height-default elementor-section-height-default\" data-id=\"1527ef5\" data-element_type=\"section\">\n\t\t\t\t\t\t<div class=\"elementor-container elementor-column-gap-default\">\n\t\t\t\t\t<div class=\"elementor-column elementor-col-100 elementor-top-column elementor-element elementor-element-8732faf\" data-id=\"8732faf\" data-element_type=\"column\">\n\t\t\t<div class=\"elementor-widget-wrap elementor-element-populated\">\n\t\t\t\t\t\t<div class=\"elementor-element elementor-element-565944e elementor-widget elementor-widget-image\" data-id=\"565944e\" data-element_type=\"widget\" data-widget_type=\"image.default\">\n\t\t\t\t<div class=\"elementor-widget-container\">\n\t\t\t<style>\/*! elementor - v3.21.0 - 30-04-2024 *\/\n.elementor-widget-image{text-align:center}.elementor-widget-image a{display:inline-block}.elementor-widget-image a img[src$=\".svg\"]{width:48px}.elementor-widget-image img{vertical-align:middle;display:inline-block}<\/style>\t\t\t\t\t\t\t\t\t\t<img fetchpriority=\"high\" decoding=\"async\" width=\"1908\" height=\"1000\" src=\"http:\/\/vara-bjertorpgk.se\/wp-content\/uploads\/2025\/06\/Klubbhus.jpeg\" class=\"attachment-full size-full wp-image-8539\" alt=\"\" srcset=\"http:\/\/vara-bjertorpgk.se\/wp-content\/uploads\/2025\/06\/Klubbhus.jpeg 1908w, http:\/\/vara-bjertorpgk.se\/wp-content\/uploads\/2025\/06\/Klubbhus-300x157.jpeg 300w, http:\/\/vara-bjertorpgk.se\/wp-content\/uploads\/2025\/06\/Klubbhus-1024x537.jpeg 1024w, http:\/\/vara-bjertorpgk.se\/wp-content\/uploads\/2025\/06\/Klubbhus-768x403.jpeg 768w, http:\/\/vara-bjertorpgk.se\/wp-content\/uploads\/2025\/06\/Klubbhus-1536x805.jpeg 1536w\" sizes=\"(max-width: 1908px) 100vw, 1908px\" \/>\t\t\t\t\t\t\t\t\t\t\t\t\t<\/div>\n\t\t\t\t<\/div>\n\t\t\t\t<div class=\"elementor-element elementor-element-1539137 elementor-widget elementor-widget-text-editor\" data-id=\"1539137\" data-element_type=\"widget\" data-widget_type=\"text-editor.default\">\n\t\t\t\t<div class=\"elementor-widget-container\">\n\t\t\t<style>\/*! elementor - v3.21.0 - 30-04-2024 *\/\n.elementor-widget-text-editor.elementor-drop-cap-view-stacked .elementor-drop-cap{background-color:#69727d;color:#fff}.elementor-widget-text-editor.elementor-drop-cap-view-framed .elementor-drop-cap{color:#69727d;border:3px solid;background-color:transparent}.elementor-widget-text-editor:not(.elementor-drop-cap-view-default) .elementor-drop-cap{margin-top:8px}.elementor-widget-text-editor:not(.elementor-drop-cap-view-default) .elementor-drop-cap-letter{width:1em;height:1em}.elementor-widget-text-editor .elementor-drop-cap{float:left;text-align:center;line-height:1;font-size:50px}.elementor-widget-text-editor .elementor-drop-cap-letter{display:inline-block}<\/style>\t\t\t\t<p>Vara-Bjertorp Golfklubb bildades 1 april 1987 och v\u00e5r bana invigdes med 18 h\u00e5l 12 augusti 1990.<\/p><p>I v\u00e5rt klubbhus hittar du v\u00e5rt kansli men ocks\u00e5 v\u00e5r shop som klubben driver i egen regi.<br \/>Omkl\u00e4dningsrum finns p\u00e5 \u00f6verv\u00e5ningen och toaletter finns i k\u00e4llaren. Vi erbjuder \u00e4ven toaletter och omkl\u00e4dningsrum i v\u00e5rt nybyggda serviechus vid parkeringen.<br \/>Du hittar ocks\u00e5 v\u00e5r restaurangen klubbhuset. L\u00e4s mer p\u00e5 &#8221;Restaurang&#8221; i menyn ovan.<\/p><p>P\u00e5 v\u00e5r range kan du k\u00f6pa bollar antingen med betalkort direkt i bollmaskinen eller genom att k\u00f6pa polletter i v\u00e5r shop.<span style=\"font-style: inherit; font-weight: inherit;\">.<\/span><\/p>\t\t\t\t\t\t<\/div>\n\t\t\t\t<\/div>\n\t\t\t\t\t<\/div>\n\t\t<\/div>\n\t\t\t\t\t<\/div>\n\t\t<\/section>\n\t\t\t\t<section class=\"elementor-section elementor-top-section elementor-element elementor-element-b4a4235 elementor-section-boxed elementor-section-height-default elementor-section-height-default\" data-id=\"b4a4235\" data-element_type=\"section\">\n\t\t\t\t\t\t<div class=\"elementor-container elementor-column-gap-default\">\n\t\t\t\t\t<div class=\"elementor-column elementor-col-100 elementor-top-column elementor-element elementor-element-b618083\" data-id=\"b618083\" data-element_type=\"column\">\n\t\t\t<div class=\"elementor-widget-wrap\">\n\t\t\t\t\t\t\t<\/div>\n\t\t<\/div>\n\t\t\t\t\t<\/div>\n\t\t<\/section>\n\t\t\t\t<section class=\"elementor-section elementor-top-section elementor-element elementor-element-c31a793 elementor-section-boxed elementor-section-height-default elementor-section-height-default\" data-id=\"c31a793\" data-element_type=\"section\">\n\t\t\t\t\t\t<div class=\"elementor-container elementor-column-gap-default\">\n\t\t\t\t\t<div class=\"elementor-column elementor-col-100 elementor-top-column elementor-element elementor-element-b9dc2ad\" data-id=\"b9dc2ad\" data-element_type=\"column\">\n\t\t\t<div class=\"elementor-widget-wrap elementor-element-populated\">\n\t\t\t\t\t\t<div class=\"elementor-element elementor-element-4cf5d95 elementor-widget elementor-widget-text-editor\" data-id=\"4cf5d95\" data-element_type=\"widget\" data-widget_type=\"text-editor.default\">\n\t\t\t\t<div class=\"elementor-widget-container\">\n\t\t\t\t\t\t\t<p style=\"text-align: center;\">Vara-Bjertorp Golfklubb<br \/>Fyrunga Bjertorp 10<br \/>Tel: 0512-20261<br \/>Mejl: info@vara-bjertorpgk.se<\/p>\t\t\t\t\t\t<\/div>\n\t\t\t\t<\/div>\n\t\t\t\t\t<\/div>\n\t\t<\/div>\n\t\t\t\t\t<\/div>\n\t\t<\/section>\n\t\t\t\t<\/div>\n\t\t","protected":false},"excerpt":{"rendered":"<p>Vara-Bjertorp Golfklubb bildades 1 april 1987 och v\u00e5r bana invigdes med 18 h\u00e5l 12 augusti 1990. I v\u00e5rt klubbhus hittar du v\u00e5rt kansli men ocks\u00e5 v\u00e5r shop som klubben driver i egen regi.Omkl\u00e4dningsrum finns p\u00e5 \u00f6verv\u00e5ningen och toaletter finns i k\u00e4llaren. Vi erbjuder \u00e4ven toaletter och omkl\u00e4dningsrum i v\u00e5rt nybyggda serviechus vid parkeringen.Du hittar ocks\u00e5 &hellip;<\/p>\n<p class=\"read-more\"> <a class=\"\" href=\"http:\/\/vara-bjertorpgk.se\/?page_id=1413\"> <span class=\"screen-reader-text\">Klubben<\/span> L\u00e4s mer &raquo;<\/a><\/p>\n","protected":false},"author":1,"featured_media":0,"parent":0,"menu_order":0,"comment_status":"closed","ping_status":"closed","template":"","meta":{"site-sidebar-layout":"no-sidebar","site-content-layout":"page-builder","ast-main-header-display":"","ast-hfb-above-header-display":"","ast-hfb-below-header-display":"","ast-hfb-mobile-header-display":"","site-post-title":"disabled","ast-breadcrumbs-content":"","ast-featured-img":"disabled","footer-sml-layout":"","theme-transparent-header-meta":"","adv-header-id-meta":"","stick-header-meta":"","header-above-stick-meta":"","header-main-stick-meta":"","header-below-stick-meta":"","footnotes":""},"class_list":["post-1413","page","type-page","status-publish","hentry"],"_links":{"self":[{"href":"http:\/\/vara-bjertorpgk.se\/index.php?rest_route=\/wp\/v2\/pages\/1413","targetHints":{"allow":["GET"]}}],"collection":[{"href":"http:\/\/vara-bjertorpgk.se\/index.php?rest_route=\/wp\/v2\/pages"}],"about":[{"href":"http:\/\/vara-bjertorpgk.se\/index.php?rest_route=\/wp\/v2\/types\/page"}],"author":[{"embeddable":true,"href":"http:\/\/vara-bjertorpgk.se\/index.php?rest_route=\/wp\/v2\/users\/1"}],"replies":[{"embeddable":true,"href":"http:\/\/vara-bjertorpgk.se\/index.php?rest_route=%2Fwp%2Fv2%2Fcomments&post=1413"}],"version-history":[{"count":43,"href":"http:\/\/vara-bjertorpgk.se\/index.php?rest_route=\/wp\/v2\/pages\/1413\/revisions"}],"predecessor-version":[{"id":8655,"href":"http:\/\/vara-bjertorpgk.se\/index.php?rest_route=\/wp\/v2\/pages\/1413\/revisions\/8655"}],"wp:attachment":[{"href":"http:\/\/vara-bjertorpgk.se\/index.php?rest_route=%2Fwp%2Fv2%2Fmedia&parent=1413"}],"curies":[{"name":"wp","href":"https:\/\/api.w.org\/{rel}","templated":true}]}}